{"id":367,"date":"2023-12-05T16:12:18","date_gmt":"2023-12-05T15:12:18","guid":{"rendered":"https:\/\/progressholding.pl\/?page_id=367"},"modified":"2024-04-24T15:08:57","modified_gmt":"2024-04-24T13:08:57","slug":"cennik-uslug-2023","status":"publish","type":"page","link":"https:\/\/progressholding.pl\/pl\/cennik-uslug\/","title":{"rendered":"Cennik us\u0142ug"},"content":{"rendered":"<p><\/p>\n<div class=\"vc_row wpb_row vc_row-fluid vc_custom_1565211822522\">\n<div class=\"wpb_column vc_column_container vc_col-sm-12\">\n<div class=\"vc_column-inner \">\n<div class=\"wpb_wrapper\">\n<div class=\"wpb_text_column wpb_content_element \">\n<div class=\"wpb_wrapper\">\n<p><strong>Poni\u017cej znajduje si\u0119 aktualny cennik us\u0142ug ksi\u0119gowych Progress Holding Sp z&nbsp;o. o.<\/strong><\/p>\n<\/div>\n<\/div>\n<\/div>\n<\/div>\n<\/div>\n<\/div>\n<div class=\"vc_row wpb_row vc_row-fluid vc_custom_1565211822522\">\n<div class=\"wpb_column vc_column_container vc_col-sm-12\">\n<div class=\"vc_column-inner \">\n<div class=\"wpb_wrapper\">\n<div class=\"wpb_text_column wpb_content_element \">\n<div class=\"wpb_wrapper\">\n<p>Koszt obs\u0142ugi ksi\u0119gowej, zazwyczaj, stanowi niedu\u017c\u0105 cz\u0119\u015b\u0107 wszystkich ponoszonych wydatk\u00f3w, jest tym mniejszy czym wi\u0119ksza jest sprzeda\u017c firmy. Cennik us\u0142ug ksi\u0119gowych wygl\u0105da inaczej w zale\u017cno\u015bci od formy prowadzonej dokumentacji: czy b\u0119dzie to rycza\u0142t, ksi\u0119ga przychod\u00f3w i&nbsp;rozchod\u00f3w, pe\u0142na ksi\u0119gowo\u015b\u0107.<\/p>\n<p>Ceny ksi\u0119gowo\u015bci s\u0105 w oczywisty spos\u00f3b zale\u017cne od ilo\u015bci generowanych dokument\u00f3w kosztowych i&nbsp;sprzeda\u017cowych, ale na cennik us\u0142ug ksi\u0119gowych wp\u0142yn\u0105 tak\u017ce mi\u0119dzy innymi: czas, w jakim ksi\u0119gowi obrabiaj\u0105 dokumentacj\u0119, zakres us\u0142ug dodatkowych (np. doradztwa podatkowego lub&nbsp;obs\u0142ugi kadrowo-p\u0142acowej). Wybieraj\u0105c biuro ksi\u0119gowe, nale\u017cy patrze\u0107 nie na same ceny, ale na zakres us\u0142ug, jaki oferuje biuro, a&nbsp;jakie faktycznie s\u0105 u\u017cyteczne w konkretnym przypadku.<\/p>\n<p>Pod tym wzgl\u0119dem ka\u017cda firma jest nieco inna. Warto jednak&nbsp;pami\u0119ta\u0107, \u017ce je\u017celi ceny us\u0142ug ksi\u0119gowych s\u0105 niskie to jest to bardzo podejrzane i&nbsp;nasuwa si\u0119 w\u0105tpliwo\u015b\u0107 dotycz\u0105 jako\u015bci us\u0142ug ksi\u0119gowych: nie ka\u017cdy ksi\u0119gowy ma wiedz\u0119 i&nbsp;do\u015bwiadczenie potrzebne, by prawid\u0142owo wype\u0142ni\u0107 cho\u0107by dokumenty specyficzne dla konkretnej bran\u017cy. Z tych samych powod\u00f3w wi\u0119kszo\u015b\u0107 cen podanych w cennikach to jedynie orientacyjne lub&nbsp;przeci\u0119tne warto\u015bci, kt\u00f3re zostan\u0105 uszczeg\u00f3\u0142owione w drodze indywidualnych uzgodnie\u0144.<\/p>\n<p>Uwaga! W ramach sta\u0142ej obs\u0142ugi wybrane us\u0142ugi s\u0105 ta\u0144sze.<\/p>\n<\/div>\n<\/div>\n<\/div>\n<\/div>\n<\/div>\n<\/div>\n<p>Cennik wa\u017cny od dnia: 29.01.2024<\/p>","protected":false},"excerpt":{"rendered":"<p>Poni\u017cej znajduje si\u0119 aktualny cennik us\u0142ug ksi\u0119gowych Progress Holding Sp z&nbsp;o. o. Koszt obs\u0142ugi ksi\u0119gowej, zazwyczaj, stanowi niedu\u017c\u0105 cz\u0119\u015b\u0107 wszystkich ponoszonych wydatk\u00f3w, jest tym mniejszy czym wi\u0119ksza jest sprzeda\u017c firmy. Cennik us\u0142ug ksi\u0119gowych wygl\u0105da inaczej w zale\u017cno\u015bci od formy prowadzonej dokumentacji: czy b\u0119dzie to rycza\u0142t, ksi\u0119ga przychod\u00f3w i&nbsp;rozchod\u00f3w, pe\u0142na ksi\u0119gowo\u015b\u0107. Ceny ksi\u0119gowo\u015bci s\u0105 w oczywisty [&hellip;]<\/p>\n","protected":false},"author":1,"featured_media":0,"parent":0,"menu_order":0,"comment_status":"closed","ping_status":"closed","template":"pricelist.php","meta":{"_acf_changed":false,"inline_featured_image":false,"_monsterinsights_skip_tracking":false,"_monsterinsights_sitenote_active":false,"_monsterinsights_sitenote_note":"","_monsterinsights_sitenote_category":0,"footnotes":""},"class_list":["post-367","page","type-page","status-publish","hentry"],"acf":[],"aioseo_notices":[],"_links":{"self":[{"href":"https:\/\/progressholding.pl\/pl\/wp-json\/wp\/v2\/pages\/367","targetHints":{"allow":["GET"]}}],"collection":[{"href":"https:\/\/progressholding.pl\/pl\/wp-json\/wp\/v2\/pages"}],"about":[{"href":"https:\/\/progressholding.pl\/pl\/wp-json\/wp\/v2\/types\/page"}],"author":[{"embeddable":true,"href":"https:\/\/progressholding.pl\/pl\/wp-json\/wp\/v2\/users\/1"}],"replies":[{"embeddable":true,"href":"https:\/\/progressholding.pl\/pl\/wp-json\/wp\/v2\/comments?post=367"}],"version-history":[{"count":0,"href":"https:\/\/progressholding.pl\/pl\/wp-json\/wp\/v2\/pages\/367\/revisions"}],"wp:attachment":[{"href":"https:\/\/progressholding.pl\/pl\/wp-json\/wp\/v2\/media?parent=367"}],"curies":[{"name":"wp","href":"https:\/\/api.w.org\/{rel}","templated":true}]}}