{"id":3670,"date":"2024-09-30T10:46:53","date_gmt":"2024-09-30T08:46:53","guid":{"rendered":"https:\/\/progressholding.pl\/pl\/?page_id=3670"},"modified":"2024-09-30T11:22:57","modified_gmt":"2024-09-30T09:22:57","slug":"uslugi-ksiegowe-dla-firm-it","status":"publish","type":"page","link":"https:\/\/progressholding.pl\/pl\/uslugi-ksiegowe-dla-firm-it\/","title":{"rendered":"Us\u0142ugi ksi\u0119gowe dla firm IT"},"content":{"rendered":"<p><strong>Progress Holding ma wieloletnie do\u015bwiadczenie w \u015bwiadczeniu us\u0142ug ksi\u0119gowych dla sp\u00f3\u0142ek IT z&nbsp;ograniczon\u0105 odpowiedzialno\u015bci\u0105 (sp. z&nbsp;o.o.)<\/strong>, z&nbsp;kt\u00f3rych wiele jest prowadzonych przez obcokrajowc\u00f3w z&nbsp;r\u00f3\u017cnych kraj\u00f3w. Firmy informatyczne cz\u0119sto zatrudniaj\u0105 podwykonawc\u00f3w z&nbsp;r\u00f3\u017cnych kraj\u00f3w i&nbsp;wsp\u00f3\u0142pracuj\u0105 z&nbsp;klientami zar\u00f3wno krajowymi, jak i&nbsp;zagranicznymi. Unikalna specyfika firm IT wymaga dostosowanych proces\u00f3w ksi\u0119gowych, dopasowanych do indywidualnych potrzeb ka\u017cdego klienta IT.<\/p>\n<h2><strong>Zakres naszych us\u0142ug dla firm IT obejmuje:<\/strong><\/h2>\n<ul>\n<li><strong>Ksi\u0119gowo\u015b\u0107 projekt\u00f3w i&nbsp;kontrakt\u00f3w<\/strong> (sta\u0142a cena lub&nbsp;rozliczenie czasu i&nbsp;materia\u0142\u00f3w).<br \/>\nZapewniamy monitorowanie finans\u00f3w zar\u00f3wno dla kontrakt\u00f3w o&nbsp;sta\u0142ej cenie, jak i&nbsp;tych rozliczanych na podstawie czasu i&nbsp;materia\u0142\u00f3w. Umo\u017cliwia to dok\u0142adne \u015bledzenie wydatk\u00f3w i&nbsp;daje klientom lepsz\u0105 kontrol\u0119 nad projektami.<\/li>\n<\/ul>\n<ul>\n<li><strong>Analiza rentowno\u015bci projekt\u00f3w i&nbsp;klient\u00f3w.<\/strong><br \/>\nZrozumienie rentowno\u015bci poszczeg\u00f3lnych projekt\u00f3w i&nbsp;klient\u00f3w jest kluczowe dla podejmowania strategicznych decyzji biznesowych w firmie IT. Dostarczamy dane, kt\u00f3re pomagaj\u0105 firmom oceni\u0107 i&nbsp;poprawi\u0107 ich wyniki finansowe.<\/li>\n<\/ul>\n<p><img loading=\"lazy\" decoding=\"async\" class=\"alignnone size-full wp-image-3678\" src=\"https:\/\/progressholding.pl\/wp-content\/uploads\/2024\/09\/Progress-Holding-uslugi-ksiegowe-dla-firm-it.jpg\" alt=\"\" width=\"1400\" height=\"623\" srcset=\"https:\/\/progressholding.pl\/wp-content\/uploads\/2024\/09\/Progress-Holding-uslugi-ksiegowe-dla-firm-it.jpg 1400w, https:\/\/progressholding.pl\/wp-content\/uploads\/2024\/09\/Progress-Holding-uslugi-ksiegowe-dla-firm-it-300x134.jpg 300w, https:\/\/progressholding.pl\/wp-content\/uploads\/2024\/09\/Progress-Holding-uslugi-ksiegowe-dla-firm-it-1024x456.jpg 1024w, https:\/\/progressholding.pl\/wp-content\/uploads\/2024\/09\/Progress-Holding-uslugi-ksiegowe-dla-firm-it-768x342.jpg 768w\" sizes=\"auto, (max-width: 1400px) 100vw, 1400px\" \/><\/p>\n<h2><strong>Nasze us\u0142ugi outsourcingu ksi\u0119gowego dla firm IT obejmuj\u0105:<\/strong><\/h2>\n<ol>\n<li>Prowadzenie ksi\u0119gowo\u015bci. Zapewniamy dok\u0142adne i&nbsp;zgodne z&nbsp;przepisami prowadzenie wszystkich operacji finansowych.<\/li>\n<li>Zarz\u0105dzanie \u015brodkami trwa\u0142ymi i&nbsp;aktywami niematerialnymi. \u015aledzimy i&nbsp;zarz\u0105dzamy aktywami firmy, aby zapewni\u0107 w\u0142a\u015bciw\u0105 amortyzacj\u0119 i&nbsp;wycen\u0119.<\/li>\n<li>Rozliczanie dotacji i&nbsp;subwencji. Pomagamy firmom IT zarz\u0105dza\u0107 i&nbsp;rozlicza\u0107 otrzymane dotacje i&nbsp;subwencje, wspieraj\u0105ce rozw\u00f3j dzia\u0142alno\u015bci.<\/li>\n<li>Ksi\u0119gowo\u015b\u0107 transakcji mi\u0119dzynarodowych. Zarz\u0105dzamy zagranicznymi transakcjami, zapewniaj\u0105c zgodno\u015b\u0107 z&nbsp;odpowiednimi mi\u0119dzynarodowymi przepisami podatkowymi i&nbsp;standardami ksi\u0119gowymi.<\/li>\n<li>Wsparcie w audytach finansowych i&nbsp;kontrolach podatkowych. Zapewniamy pe\u0142ne wsparcie podczas audyt\u00f3w finansowych lub&nbsp;kontroli podatkowych, gwarantuj\u0105c sprawne przeprowadzenie wszystkich procedur.<\/li>\n<li>Wsparcie w obs\u0142udze bankowej. W imieniu naszych klient\u00f3w z&nbsp;sektora IT pomagamy w komunikacji i&nbsp;transakcjach z&nbsp;bankami, w tym w sk\u0142adaniu wniosk\u00f3w kredytowych oraz&nbsp;innych us\u0142ugach finansowych.<\/li>\n<li>Przygotowywanie i&nbsp;sk\u0142adanie deklaracji podatkowych (CIT, VAT, OSS). Przygotowujemy i&nbsp;sk\u0142adamy wszystkie niezb\u0119dne deklaracje podatkowe, w tym podatek dochodowy od os\u00f3b prawnych (CIT), podatek od towar\u00f3w i&nbsp;us\u0142ug (VAT) oraz&nbsp;OSS do rozlicze\u0144 VAT w transakcjach mi\u0119dzynarodowych.<\/li>\n<li>Wsparcie przy dokumentacji przetargowej. Pomagamy firmom IT w gromadzeniu i&nbsp;przygotowywaniu niezb\u0119dnej dokumentacji do udzia\u0142u w przetargach.<\/li>\n<li>Dokumentacja do wniosk\u00f3w kredytowych. Kompletujemy wymagane dokumenty do sk\u0142adania wniosk\u00f3w kredytowych i&nbsp;wsparcia finansowego dla firm IT.<\/li>\n<li>Roczna deklaracja podatkowa. Dbamy o&nbsp;zgodno\u015b\u0107 firm z&nbsp;przepisami podatkowymi poprzez przygotowanie i&nbsp;sk\u0142adanie rocznych deklaracji podatkowych.<\/li>\n<li>Ulgi podatkowe (IP BOX, B+R). Pomagamy firmom IT korzysta\u0107 z&nbsp;ulg podatkowych, takich jak IP BOX dla w\u0142asno\u015bci intelektualnej oraz&nbsp;ulgi B+R (badawczo-rozwojowe).<\/li>\n<\/ol>\n<h3><strong>Elektroniczny obieg dokument\u00f3w z&nbsp;firmami IT<\/strong><\/h3>\n<p>Stosujemy elektroniczne zarz\u0105dzanie dokumentami, cyfrowe teczki pracownicze oraz&nbsp;raportowanie online, aby usprawni\u0107 procesy ksi\u0119gowe i&nbsp;zwi\u0119kszy\u0107 ich efektywno\u015b\u0107.<br \/>\nDzi\u0119ki spersonalizowanym us\u0142ugom ksi\u0119gowym Progress Holding, firmy IT mog\u0105 skupi\u0107 si\u0119 na innowacjach i&nbsp;rozwoju, a&nbsp;my zajmiemy si\u0119 ich operacjami finansowymi.<\/p>","protected":false},"excerpt":{"rendered":"<p>Progress Holding ma wieloletnie do\u015bwiadczenie w \u015bwiadczeniu us\u0142ug ksi\u0119gowych dla sp\u00f3\u0142ek IT z&nbsp;ograniczon\u0105 odpowiedzialno\u015bci\u0105 (sp. z&nbsp;o.o.), z&nbsp;kt\u00f3rych wiele jest prowadzonych przez obcokrajowc\u00f3w z&nbsp;r\u00f3\u017cnych kraj\u00f3w. Firmy informatyczne cz\u0119sto zatrudniaj\u0105 podwykonawc\u00f3w z&nbsp;r\u00f3\u017cnych kraj\u00f3w i&nbsp;wsp\u00f3\u0142pracuj\u0105 z&nbsp;klientami zar\u00f3wno krajowymi, jak i&nbsp;zagranicznymi. Unikalna specyfika firm IT wymaga dostosowanych proces\u00f3w ksi\u0119gowych, dopasowanych do indywidualnych potrzeb ka\u017cdego klienta IT. Zakres naszych us\u0142ug [&hellip;]<\/p>\n","protected":false},"author":6,"featured_media":0,"parent":0,"menu_order":0,"comment_status":"closed","ping_status":"closed","template":"","meta":{"_acf_changed":false,"inline_featured_image":false,"_monsterinsights_skip_tracking":false,"_monsterinsights_sitenote_active":false,"_monsterinsights_sitenote_note":"","_monsterinsights_sitenote_category":0,"footnotes":""},"class_list":["post-3670","page","type-page","status-publish","hentry"],"acf":[],"aioseo_notices":[],"_links":{"self":[{"href":"https:\/\/progressholding.pl\/pl\/wp-json\/wp\/v2\/pages\/3670","targetHints":{"allow":["GET"]}}],"collection":[{"href":"https:\/\/progressholding.pl\/pl\/wp-json\/wp\/v2\/pages"}],"about":[{"href":"https:\/\/progressholding.pl\/pl\/wp-json\/wp\/v2\/types\/page"}],"author":[{"embeddable":true,"href":"https:\/\/progressholding.pl\/pl\/wp-json\/wp\/v2\/users\/6"}],"replies":[{"embeddable":true,"href":"https:\/\/progressholding.pl\/pl\/wp-json\/wp\/v2\/comments?post=3670"}],"version-history":[{"count":0,"href":"https:\/\/progressholding.pl\/pl\/wp-json\/wp\/v2\/pages\/3670\/revisions"}],"wp:attachment":[{"href":"https:\/\/progressholding.pl\/pl\/wp-json\/wp\/v2\/media?parent=3670"}],"curies":[{"name":"wp","href":"https:\/\/api.w.org\/{rel}","templated":true}]}}