{"id":3697,"date":"2024-09-30T11:42:52","date_gmt":"2024-09-30T09:42:52","guid":{"rendered":"https:\/\/progressholding.pl\/pl\/?page_id=3697"},"modified":"2025-07-31T15:04:17","modified_gmt":"2025-07-31T13:04:17","slug":"uslugi-ksiegowe-dla-firmy-spedycyjnej-w-ramach-tsl-transport-spedycja-logistyka","status":"publish","type":"page","link":"https:\/\/progressholding.pl\/pl\/uslugi-ksiegowe-dla-firmy-spedycyjnej-w-ramach-tsl-transport-spedycja-logistyka\/","title":{"rendered":"Us\u0142ugi ksi\u0119gowe dla firmy spedycyjnej w ramach TSL (transport-spedycja-logistyka)"},"content":{"rendered":"<p><strong>Progress Holding od ponad 20 lat wsp\u00f3\u0142pracuje z&nbsp;firmami logistycznymi prowadzonymi przez cudzoziemc\u00f3w w Polsce.<\/strong> Obs\u0142uga firmy logistycznej, szczeg\u00f3lnie je\u015bli nie posiada \u015brodk\u00f3w transportu, r\u00f3\u017cni si od obs\u0142ugi firmy transportowej. Cudzoziemcy prowadz\u0105cy interesy w Polsce wykorzystuj\u0105 swoje kontakty w celu prowadzenia dochodowej firmy logistycznej w Polsce. Firmy, kt\u00f3re obs\u0142ugujemy prowadza operacje mi\u0119dzynarodowe. Stosunkowo cz\u0119sto wyst\u0119puj\u0105 korekty faktur zwi\u0105zane ze zmiana wyceny us\u0142ug spedycyjnych<\/p>\n<h2><strong>Zintegrowane wsparcie podatkowe i&nbsp;ksi\u0119gowe<\/strong><\/h2>\n<p>Oferta Progress Holding dla firm logistycznych obejmuje wsparcie w zakresie podatk\u00f3w CIT i&nbsp;VAT, co jest kluczowe dla przedsi\u0119biorstw prowadz\u0105cych dzia\u0142alno\u015b\u0107 na terenie r\u00f3\u017cnych kraj\u00f3w. Prawid\u0142owe rozliczanie VAT ma kluczowe znaczenie dla efektywno\u015bci firmy logistycznej. Dzi\u0119ki naszemu do\u015bwiadczeniu zapewniamy, \u017ce wszystkie transakcje b\u0119d\u0105 odpowiednio zaksi\u0119gowane i&nbsp;rozliczane.<\/p>\n<h2><strong>Doradztwo podatkowe dla firm logistycznych <\/strong><\/h2>\n<p>Specyfika sektora oraz&nbsp;z\u0142o\u017cono\u015b\u0107 regulacji podatkowych wymaga odpowiedniej ekspertyzy i&nbsp;tym samy wspieramy naszych klient\u00f3w w optymalizacji podatkowej i&nbsp;zmniejszenia ryzyka zwi\u0105zanego z&nbsp;obci\u0105\u017ceniami podatkowymi.<\/p>\n<p><img loading=\"lazy\" decoding=\"async\" class=\"alignnone size-full wp-image-3701\" src=\"https:\/\/progressholding.pl\/wp-content\/uploads\/2024\/09\/Progress-Holding-Uslugi-ksiegowe-dla-firmy-spedycyjnej-w-ramach-TSL-transport-spedycja-logistyka.jpg\" alt=\"\" width=\"1400\" height=\"623\" srcset=\"https:\/\/progressholding.pl\/wp-content\/uploads\/2024\/09\/Progress-Holding-Uslugi-ksiegowe-dla-firmy-spedycyjnej-w-ramach-TSL-transport-spedycja-logistyka.jpg 1400w, https:\/\/progressholding.pl\/wp-content\/uploads\/2024\/09\/Progress-Holding-Uslugi-ksiegowe-dla-firmy-spedycyjnej-w-ramach-TSL-transport-spedycja-logistyka-300x134.jpg 300w, https:\/\/progressholding.pl\/wp-content\/uploads\/2024\/09\/Progress-Holding-Uslugi-ksiegowe-dla-firmy-spedycyjnej-w-ramach-TSL-transport-spedycja-logistyka-1024x456.jpg 1024w, https:\/\/progressholding.pl\/wp-content\/uploads\/2024\/09\/Progress-Holding-Uslugi-ksiegowe-dla-firmy-spedycyjnej-w-ramach-TSL-transport-spedycja-logistyka-768x342.jpg 768w\" sizes=\"auto, (max-width: 1400px) 100vw, 1400px\" \/><\/p>\n<h2><strong>Zakres us\u0142ug dla firm logistycznych obejmuje:<\/strong><\/h2>\n<ol>\n<li>Ksi\u0119gowanie operacji firmy logistycznej. Zapewniamy dok\u0142adne i&nbsp;zgodne z&nbsp;przepisami prowadzenie wszystkich operacji finansowych. Kontrola dokument\u00f3w przewozowych.<\/li>\n<li>Prowadzenie pe\u0142nej ewidencji p\u0142acowo &#8211; kadrowej. Uzyskanie \u015bwiadectw medycyny pracy i&nbsp;BHP. Prowadzenie teczek osobowych.<\/li>\n<li>Uzyskanie pozwole\u0144 na zatrudnianie cudzoziemc\u00f3w w Polsce<\/li>\n<li>Ksi\u0119gowo\u015b\u0107 transakcji mi\u0119dzynarodowych. Zarz\u0105dzamy zagranicznymi transakcjami, zapewniaj\u0105c zgodno\u015b\u0107 z&nbsp;odpowiednimi mi\u0119dzynarodowymi przepisami podatkowymi i&nbsp;standardami ksi\u0119gowymi.<\/li>\n<li>Wsparcie w audytach finansowych i&nbsp;kontrolach podatkowych. Zapewniamy pe\u0142ne wsparcie podczas audyt\u00f3w finansowych lub&nbsp;kontroli podatkowych, gwarantuj\u0105c sprawne przeprowadzenie wszystkich procedur.<\/li>\n<li>Wsparcie w obs\u0142udze bankowej. W imieniu naszych klient\u00f3w pomagamy w komunikacji i&nbsp;transakcjach z&nbsp;bankami, w tym w sk\u0142adaniu wniosk\u00f3w kredytowych oraz&nbsp;innych us\u0142ugach finansowych.<\/li>\n<li>Przygotowywanie i&nbsp;sk\u0142adanie deklaracji podatkowych (CIT, VAT) Przygotowujemy i&nbsp;sk\u0142adamy wszystkie niezb\u0119dne deklaracje podatkowe, w tym podatek dochodowy od os\u00f3b prawnych (CIT), podatek od towar\u00f3w i&nbsp;us\u0142ug (VAT).<\/li>\n<li>Sporz\u0105dzanie rocznej deklaracja podatkowa. Dbamy o&nbsp;zgodno\u015b\u0107 firm z&nbsp;przepisami podatkowymi poprzez przygotowanie i&nbsp;sk\u0142adanie rocznych deklaracji podatkowych.<\/li>\n<\/ol>\n<h3><strong>Elektroniczny obieg dokument\u00f3w z&nbsp;firm\u0105 logistyczn\u0105.<\/strong><\/h3>\n<p>Stosujemy elektroniczne zarz\u0105dzanie dokumentami, cyfrowe teczki pracownicze oraz&nbsp;raportowanie online, aby usprawni\u0107 procesy ksi\u0119gowe i&nbsp;zwi\u0119kszy\u0107 ich efektywno\u015b\u0107.<\/p>\n<p>Dzi\u0119ki spersonalizowanym us\u0142ugom ksi\u0119gowym Progress Holding, firmy budowlane i&nbsp;deweloperzy\u00a0 mog\u0105 skupi\u0107 si\u0119 na innowacjach i&nbsp;rozwoju, a&nbsp;my zajmiemy si\u0119 ich operacjami finansowymi.<\/p>","protected":false},"excerpt":{"rendered":"<p>Progress Holding od ponad 20 lat wsp\u00f3\u0142pracuje z&nbsp;firmami logistycznymi prowadzonymi przez cudzoziemc\u00f3w w Polsce. Obs\u0142uga firmy logistycznej, szczeg\u00f3lnie je\u015bli nie posiada \u015brodk\u00f3w transportu, r\u00f3\u017cni si od obs\u0142ugi firmy transportowej. Cudzoziemcy prowadz\u0105cy interesy w Polsce wykorzystuj\u0105 swoje kontakty w celu prowadzenia dochodowej firmy logistycznej w Polsce. Firmy, kt\u00f3re obs\u0142ugujemy prowadza operacje mi\u0119dzynarodowe. Stosunkowo cz\u0119sto wyst\u0119puj\u0105 korekty [&hellip;]<\/p>\n","protected":false},"author":6,"featured_media":0,"parent":0,"menu_order":0,"comment_status":"closed","ping_status":"closed","template":"","meta":{"_acf_changed":false,"inline_featured_image":false,"_monsterinsights_skip_tracking":false,"_monsterinsights_sitenote_active":false,"_monsterinsights_sitenote_note":"","_monsterinsights_sitenote_category":0,"footnotes":""},"class_list":["post-3697","page","type-page","status-publish","hentry"],"acf":[],"aioseo_notices":[],"_links":{"self":[{"href":"https:\/\/progressholding.pl\/pl\/wp-json\/wp\/v2\/pages\/3697","targetHints":{"allow":["GET"]}}],"collection":[{"href":"https:\/\/progressholding.pl\/pl\/wp-json\/wp\/v2\/pages"}],"about":[{"href":"https:\/\/progressholding.pl\/pl\/wp-json\/wp\/v2\/types\/page"}],"author":[{"embeddable":true,"href":"https:\/\/progressholding.pl\/pl\/wp-json\/wp\/v2\/users\/6"}],"replies":[{"embeddable":true,"href":"https:\/\/progressholding.pl\/pl\/wp-json\/wp\/v2\/comments?post=3697"}],"version-history":[{"count":1,"href":"https:\/\/progressholding.pl\/pl\/wp-json\/wp\/v2\/pages\/3697\/revisions"}],"predecessor-version":[{"id":5126,"href":"https:\/\/progressholding.pl\/pl\/wp-json\/wp\/v2\/pages\/3697\/revisions\/5126"}],"wp:attachment":[{"href":"https:\/\/progressholding.pl\/pl\/wp-json\/wp\/v2\/media?parent=3697"}],"curies":[{"name":"wp","href":"https:\/\/api.w.org\/{rel}","templated":true}]}}