{"id":3706,"date":"2024-10-02T09:28:56","date_gmt":"2024-10-02T07:28:56","guid":{"rendered":"https:\/\/progressholding.pl\/pl\/?page_id=3706"},"modified":"2025-07-31T15:09:44","modified_gmt":"2025-07-31T13:09:44","slug":"uslugi-ksiegowe-dla-firm-handlowych-w-polsce","status":"publish","type":"page","link":"https:\/\/progressholding.pl\/pl\/uslugi-ksiegowe-dla-firm-handlowych-w-polsce\/","title":{"rendered":"Us\u0142ugi ksi\u0119gowe dla firm handlowych w Polsce"},"content":{"rendered":"<p><strong>Od 20 lat Progress Holding \u015bwiadczy us\u0142ugi ksi\u0119gowe dla firm zajmuj\u0105cych si\u0119 handlem w Polsce, jak i&nbsp;za granic\u0105, kt\u00f3rych w\u0142a\u015bcicielami s\u0105 obcokrajowcy.<\/strong> G\u0142\u00f3wn\u0105 cech\u0105 dzia\u0142alno\u015bci handlowej jest obr\u00f3t towarami, kt\u00f3re s\u0105 klasyfikowane jako aktywa nabywane w celu dalszej odsprzeda\u017cy.<\/p>\n<p>Ksi\u0119gowo\u015b\u0107 w przedsi\u0119biorstwach handlowych musi by\u0107 prawid\u0142owo zorganizowana, aby unikn\u0105\u0107 niepotrzebnych koszt\u00f3w lub&nbsp;nadp\u0142acania podatk\u00f3w. Na przyk\u0142ad, wa\u017cne jest, aby rozumie\u0107, \u017ce towary sk\u0142adowane w magazynie nie powinny by\u0107 ksi\u0119gowane jako \u201ekoszty\u201d, dop\u00f3ki nie zostan\u0105 sprzedane, cho\u0107 podlegaj\u0105 naliczeniu VAT.<\/p>\n<p>Progress Holding oferuje swoim klientom ksi\u0119gowych z&nbsp;du\u017cym do\u015bwiadczeniem we wspieraniu organizacji handlowych, zapewniaj\u0105c jednocze\u015bnie zgodno\u015b\u0107 z&nbsp;lokalnymi wymogami prawnymi. Dlatego z&nbsp;nami mo\u017cesz znale\u017a\u0107 wykwalifikowanego ksi\u0119gowego w Polsce dla ewidencji w firmie handlowej.<\/p>\n<p><img loading=\"lazy\" decoding=\"async\" class=\"alignnone size-full wp-image-3709\" src=\"https:\/\/progressholding.pl\/wp-content\/uploads\/2024\/10\/Progress-Holding-Uslugi-ksiegowe-dla-firm-handlowych-w-Polsce.jpg\" alt=\"\" width=\"1400\" height=\"623\" srcset=\"https:\/\/progressholding.pl\/wp-content\/uploads\/2024\/10\/Progress-Holding-Uslugi-ksiegowe-dla-firm-handlowych-w-Polsce.jpg 1400w, https:\/\/progressholding.pl\/wp-content\/uploads\/2024\/10\/Progress-Holding-Uslugi-ksiegowe-dla-firm-handlowych-w-Polsce-300x134.jpg 300w, https:\/\/progressholding.pl\/wp-content\/uploads\/2024\/10\/Progress-Holding-Uslugi-ksiegowe-dla-firm-handlowych-w-Polsce-1024x456.jpg 1024w, https:\/\/progressholding.pl\/wp-content\/uploads\/2024\/10\/Progress-Holding-Uslugi-ksiegowe-dla-firm-handlowych-w-Polsce-768x342.jpg 768w\" sizes=\"auto, (max-width: 1400px) 100vw, 1400px\" \/><\/p>\n<h2><strong>Us\u0142ugi \u015bwiadczone dla firm handlowych w Polsce:<\/strong><\/h2>\n<ol>\n<li>Kompleksowe prowadzenie ksi\u0119gowo\u015bci. Wszystkie operacje finansowe s\u0105 prowadzone zgodnie z&nbsp;polskimi standardami i&nbsp;wymogami prawnymi.<\/li>\n<li>Przydzielenie osobistego opiekuna i&nbsp;ksi\u0119gowego w Polsce, kt\u00f3rzy w pe\u0142ni zarz\u0105dzaj\u0105 Twoimi sprawami.<\/li>\n<li>\u015awiadczenie us\u0142ug planowania podatkowego i&nbsp;doradztwa w celu minimalizacji zobowi\u0105za\u0144 podatkowych oraz&nbsp;optymalizacji proces\u00f3w finansowych.<\/li>\n<li>Sporz\u0105dzanie sprawozda\u0144 finansowych i&nbsp;dostarczanie szczeg\u00f3\u0142owych danych analitycznych, niezb\u0119dnych do podejmowania kluczowych decyzji zarz\u0105dczych.<\/li>\n<li>Prowadzenie ewidencji towar\u00f3w w magazynach.<\/li>\n<li>Pomoc w wyborze oprogramowania do zarz\u0105dzania magazynem.<\/li>\n<li>Prowadzenie ewidencji sprzeda\u017cy i&nbsp;zakup\u00f3w towar\u00f3w, wraz z&nbsp;ich aspektami podatkowymi (VAT, akcyzy itp.).<\/li>\n<li>Pomoc w analizie rentowno\u015bci towar\u00f3w i&nbsp;grup towarowych w celu optymalizacji sprzeda\u017cy i&nbsp;zarz\u0105dzania zapasami.<\/li>\n<li>Wsparcie w pracy z&nbsp;bankami \u2013 automatyczne wczytywanie wszystkich faktur i&nbsp;wyci\u0105g\u00f3w bankowych.<\/li>\n<li>Pomoc w rejestrowaniu wszystkich transakcji w kasie, w tym transakcji got\u00f3wkowych. Wym\u00f3g ten obejmuje rejestrowanie wszystkich kwot otrzymanych i&nbsp;wydanych w got\u00f3wce oraz&nbsp;wszystkich transakcji dokonywanych za po\u015brednictwem kont bankowych firmy handlowej.<\/li>\n<li>Odpisanie uszkodzonych towar\u00f3w jako strata.<\/li>\n<li>Przygotowanie i&nbsp;z\u0142o\u017cenie wszystkich niezb\u0119dnych sprawozda\u0144 finansowych oraz&nbsp;deklaracji podatkowych.<\/li>\n<li>Wsparcie w rozwi\u0105zywaniu spraw administracyjnych i&nbsp;audytowych.<\/li>\n<\/ol>\n<h3><strong>Elektroniczny obieg dokument\u00f3w dla firm handlowych<\/strong><\/h3>\n<p>W celu optymalizacji wsp\u00f3\u0142pracy z&nbsp;klientami Progress Holding wykorzystuje zaawansowane rozwi\u0105zania w zakresie zarz\u0105dzania dokumentami, cyfrowych akt osobowych pracownik\u00f3w oraz&nbsp;raportowania online, maj\u0105ce na celu usprawnienie proces\u00f3w ksi\u0119gowych i&nbsp;zwi\u0119kszenie ich efektywno\u015bci. Nasze spersonalizowane us\u0142ugi ksi\u0119gowe w Progress Holding pozwalaj\u0105 firmom handlowym skupi\u0107 si\u0119 na rozwoju biznesu, podczas gdy my z&nbsp;najwy\u017csz\u0105 precyzj\u0105 i&nbsp;odpowiedzialno\u015bci\u0105 zajmujemy si\u0119 ich operacjami finansowymi.<\/p>","protected":false},"excerpt":{"rendered":"<p>Od 20 lat Progress Holding \u015bwiadczy us\u0142ugi ksi\u0119gowe dla firm zajmuj\u0105cych si\u0119 handlem w Polsce, jak i&nbsp;za granic\u0105, kt\u00f3rych w\u0142a\u015bcicielami s\u0105 obcokrajowcy. G\u0142\u00f3wn\u0105 cech\u0105 dzia\u0142alno\u015bci handlowej jest obr\u00f3t towarami, kt\u00f3re s\u0105 klasyfikowane jako aktywa nabywane w celu dalszej odsprzeda\u017cy. Ksi\u0119gowo\u015b\u0107 w przedsi\u0119biorstwach handlowych musi by\u0107 prawid\u0142owo zorganizowana, aby unikn\u0105\u0107 niepotrzebnych koszt\u00f3w lub&nbsp;nadp\u0142acania podatk\u00f3w. Na przyk\u0142ad, [&hellip;]<\/p>\n","protected":false},"author":6,"featured_media":0,"parent":0,"menu_order":0,"comment_status":"closed","ping_status":"closed","template":"","meta":{"_acf_changed":false,"inline_featured_image":false,"_monsterinsights_skip_tracking":false,"_monsterinsights_sitenote_active":false,"_monsterinsights_sitenote_note":"","_monsterinsights_sitenote_category":0,"footnotes":""},"class_list":["post-3706","page","type-page","status-publish","hentry"],"acf":[],"aioseo_notices":[],"_links":{"self":[{"href":"https:\/\/progressholding.pl\/pl\/wp-json\/wp\/v2\/pages\/3706","targetHints":{"allow":["GET"]}}],"collection":[{"href":"https:\/\/progressholding.pl\/pl\/wp-json\/wp\/v2\/pages"}],"about":[{"href":"https:\/\/progressholding.pl\/pl\/wp-json\/wp\/v2\/types\/page"}],"author":[{"embeddable":true,"href":"https:\/\/progressholding.pl\/pl\/wp-json\/wp\/v2\/users\/6"}],"replies":[{"embeddable":true,"href":"https:\/\/progressholding.pl\/pl\/wp-json\/wp\/v2\/comments?post=3706"}],"version-history":[{"count":1,"href":"https:\/\/progressholding.pl\/pl\/wp-json\/wp\/v2\/pages\/3706\/revisions"}],"predecessor-version":[{"id":5133,"href":"https:\/\/progressholding.pl\/pl\/wp-json\/wp\/v2\/pages\/3706\/revisions\/5133"}],"wp:attachment":[{"href":"https:\/\/progressholding.pl\/pl\/wp-json\/wp\/v2\/media?parent=3706"}],"curies":[{"name":"wp","href":"https:\/\/api.w.org\/{rel}","templated":true}]}}