{"id":3713,"date":"2024-10-02T09:49:58","date_gmt":"2024-10-02T07:49:58","guid":{"rendered":"https:\/\/progressholding.pl\/pl\/?page_id=3713"},"modified":"2024-10-02T09:56:54","modified_gmt":"2024-10-02T07:56:54","slug":"uslugi-ksiegowe-dla-firm-transportowych-w-polsce","status":"publish","type":"page","link":"https:\/\/progressholding.pl\/pl\/uslugi-ksiegowe-dla-firm-transportowych-w-polsce\/","title":{"rendered":"Us\u0142ugi ksi\u0119gowe dla firm transportowych w Polsce"},"content":{"rendered":"<p><strong>Progress Holding od dawna i&nbsp;z powodzeniem wsp\u00f3\u0142pracuje z&nbsp;wieloma firmami transportowymi za\u0142o\u017conymi w Polsce przez obcokrajowc\u00f3w z&nbsp;Europy i&nbsp;Azji.<\/strong><\/p>\n<p>Istniej\u0105 okre\u015blone wymagania dla obcokrajowc\u00f3w, kt\u00f3rzy zak\u0142adaj\u0105 firm\u0119 transportow\u0105 w Polsce. Obejmuj\u0105 one konieczno\u015b\u0107 posiadania do\u015bwiadczenia w transporcie, a&nbsp;przynajmniej jeden pracownik musi posiada\u0107 lub&nbsp;uzyska\u0107 Certyfikat Kompetencji Zawodowych (certyfikat kompetencji zawodowych). Progress Holding wspiera firm\u0119 transportow\u0105 \u00a0w znalezieniu takiego specjalisty na rynku. W przypadku transportu mi\u0119dzynarodowego wymagana jest licencja (licencja LR). Jak uzyska\u0107 licencj\u0119 na transport mi\u0119dzynarodowy? W imieniu klienta przygotowujemy i&nbsp;sk\u0142adamy niezb\u0119dne dokumenty, aby uzyska\u0107 licencj\u0119 na transport mi\u0119dzynarodowy.<\/p>\n<h2><strong>Co wyr\u00f3\u017cnia dzia\u0142alno\u015b\u0107 firmy transportowej:<\/strong><\/h2>\n<ol>\n<li>Posiadanie licencji i&nbsp;zezwole\u0144 na przew\u00f3z towar\u00f3w w kraju, w tym licencji na przewozy mi\u0119dzynarodowe oraz&nbsp;licencji na przew\u00f3z os\u00f3b.<\/li>\n<li>Dysponowanie \u015brodkami transportu (w\u0142asnymi, wynaj\u0119tymi lub&nbsp;leasingowanymi).<\/li>\n<li>Posiadanie bazy operacyjnej (parking lub&nbsp;plac transportowy).<\/li>\n<li>Rejestracja pojazd\u00f3w, ich ubezpieczenie, konserwacja, dost\u0119pno\u015b\u0107 kierowc\u00f3w, obliczanie zu\u017cycia paliwa oraz&nbsp;innych materia\u0142\u00f3w p\u0119dnych i&nbsp;smar\u00f3w.<\/li>\n<li>Obliczanie, ksi\u0119gowanie i&nbsp;przypisywanie paliw i&nbsp;smar\u00f3w do koszt\u00f3w itd.<\/li>\n<li>Ewidencjonowanie specjalnych dokument\u00f3w \u2013 kart drogowych, list\u00f3w przewozowych, za\u015bwiadcze\u0144 lekarskich, delegacji kierowc\u00f3w itp.<\/li>\n<\/ol>\n<p><img loading=\"lazy\" decoding=\"async\" class=\"alignnone size-full wp-image-3715\" src=\"https:\/\/progressholding.pl\/wp-content\/uploads\/2024\/10\/Progress-Holding-Uslugi-ksiegowe-dla-firm-transportowych-w-Polsce.jpg\" alt=\"\" width=\"1400\" height=\"623\" srcset=\"https:\/\/progressholding.pl\/wp-content\/uploads\/2024\/10\/Progress-Holding-Uslugi-ksiegowe-dla-firm-transportowych-w-Polsce.jpg 1400w, https:\/\/progressholding.pl\/wp-content\/uploads\/2024\/10\/Progress-Holding-Uslugi-ksiegowe-dla-firm-transportowych-w-Polsce-300x134.jpg 300w, https:\/\/progressholding.pl\/wp-content\/uploads\/2024\/10\/Progress-Holding-Uslugi-ksiegowe-dla-firm-transportowych-w-Polsce-1024x456.jpg 1024w, https:\/\/progressholding.pl\/wp-content\/uploads\/2024\/10\/Progress-Holding-Uslugi-ksiegowe-dla-firm-transportowych-w-Polsce-768x342.jpg 768w\" sizes=\"auto, (max-width: 1400px) 100vw, 1400px\" \/><\/p>\n<h2><strong>Ksi\u0119gowo\u015b\u0107 i&nbsp;us\u0142ugi dla firm transportowych w Polsce obejmuj\u0105:<\/strong><\/h2>\n<ol>\n<li>Pe\u0142ne us\u0142ugi ksi\u0119gowe dla firmy transportowej tj. prowadzenie rejestr\u00f3w ksi\u0119gowych (ksi\u0119ga g\u0142\u00f3wna, rejestr zakup\u00f3w i&nbsp;sprzeda\u017cy, ksi\u0119ga kasowa itp.). Przygotowanie i&nbsp;sk\u0142adanie deklaracji podatkowych (VAT, podatek dochodowy od os\u00f3b prawnych i&nbsp;inne obowi\u0105zkowe raporty i&nbsp;deklaracje).<\/li>\n<li>Obliczanie wynagrodze\u0144 kierowc\u00f3w oraz&nbsp;zwi\u0105zanych z&nbsp;tym obowi\u0105zk\u00f3w podatkowych.<\/li>\n<li>Rachunkowo\u015b\u0107 finansowa (raporty zgodne z&nbsp;lokalnymi standardami i&nbsp;wymaganiami) oraz&nbsp;doradztwo podatkowe (minimalizacja ryzyka podatkowego i&nbsp;optymalizacja podatkowa).<\/li>\n<li>Przydzielamy Pa\u0144stwu osobistego opiekuna i&nbsp;ksi\u0119gowego, kt\u00f3rzy zajm\u0105 si\u0119 Pa\u0144stwa firm\u0105 w Polsce.<\/li>\n<li>\u015awiadczenie us\u0142ug prawnych, konsultacje z&nbsp;zakresu prawa podatkowego i&nbsp;korporacyjnego, w tym polskiego prawa dotycz\u0105cego firm transportowych.<\/li>\n<li>Zarz\u0105dzanie dokumentacj\u0105 i&nbsp;przygotowywanie dokumentacji do kontroli audytowych.<\/li>\n<li>Pomoc w zarz\u0105dzaniu kredytami, planowaniu finansowym i&nbsp;prognozowaniu.<\/li>\n<li>Wsparcie w uzyskaniu licencji i&nbsp;zezwole\u0144 na przewozy zar\u00f3wno krajowe, jak i&nbsp;mi\u0119dzynarodowe.<\/li>\n<li>Wsp\u00f3\u0142praca z&nbsp;bankami. Pobieranie wyci\u0105g\u00f3w i&nbsp;faktur, sk\u0142adanie wniosk\u00f3w kredytowych w imieniu klienta, inne us\u0142ugi finansowe.<\/li>\n<li>Zapewniamy wsparcie administracyjne na ka\u017cdym etapie dzia\u0142alno\u015bci.<\/li>\n<\/ol>\n<h3><strong>Elektroniczny obieg dokument\u00f3w w ksi\u0119gowo\u015bci \u00a0firmy transportowej<\/strong><\/h3>\n<p>Progress Holding oferuje swoim klientom kompleksowe rozwi\u0105zania umo\u017cliwiaj\u0105ce efektywne zarz\u0105dzanie procesami ksi\u0119gowymi w firmach transportowych: od elektronicznego systemu zarz\u0105dzania dokumentami i&nbsp;cyfrowych teczek pracownik\u00f3w po raportowanie online. Pomaga to naszym klientom optymalizowa\u0107 operacje finansowe i&nbsp;procesy biznesowe, uwalniaj\u0105c czas na innowacje i&nbsp;rozw\u00f3j dzia\u0142alno\u015bci.<\/p>","protected":false},"excerpt":{"rendered":"<p>Progress Holding od dawna i&nbsp;z powodzeniem wsp\u00f3\u0142pracuje z&nbsp;wieloma firmami transportowymi za\u0142o\u017conymi w Polsce przez obcokrajowc\u00f3w z&nbsp;Europy i&nbsp;Azji. Istniej\u0105 okre\u015blone wymagania dla obcokrajowc\u00f3w, kt\u00f3rzy zak\u0142adaj\u0105 firm\u0119 transportow\u0105 w Polsce. Obejmuj\u0105 one konieczno\u015b\u0107 posiadania do\u015bwiadczenia w transporcie, a&nbsp;przynajmniej jeden pracownik musi posiada\u0107 lub&nbsp;uzyska\u0107 Certyfikat Kompetencji Zawodowych (certyfikat kompetencji zawodowych). Progress Holding wspiera firm\u0119 transportow\u0105 \u00a0w znalezieniu takiego [&hellip;]<\/p>\n","protected":false},"author":6,"featured_media":0,"parent":0,"menu_order":0,"comment_status":"closed","ping_status":"closed","template":"","meta":{"_acf_changed":false,"inline_featured_image":false,"_monsterinsights_skip_tracking":false,"_monsterinsights_sitenote_active":false,"_monsterinsights_sitenote_note":"","_monsterinsights_sitenote_category":0,"footnotes":""},"class_list":["post-3713","page","type-page","status-publish","hentry"],"acf":[],"aioseo_notices":[],"_links":{"self":[{"href":"https:\/\/progressholding.pl\/pl\/wp-json\/wp\/v2\/pages\/3713","targetHints":{"allow":["GET"]}}],"collection":[{"href":"https:\/\/progressholding.pl\/pl\/wp-json\/wp\/v2\/pages"}],"about":[{"href":"https:\/\/progressholding.pl\/pl\/wp-json\/wp\/v2\/types\/page"}],"author":[{"embeddable":true,"href":"https:\/\/progressholding.pl\/pl\/wp-json\/wp\/v2\/users\/6"}],"replies":[{"embeddable":true,"href":"https:\/\/progressholding.pl\/pl\/wp-json\/wp\/v2\/comments?post=3713"}],"version-history":[{"count":0,"href":"https:\/\/progressholding.pl\/pl\/wp-json\/wp\/v2\/pages\/3713\/revisions"}],"wp:attachment":[{"href":"https:\/\/progressholding.pl\/pl\/wp-json\/wp\/v2\/media?parent=3713"}],"curies":[{"name":"wp","href":"https:\/\/api.w.org\/{rel}","templated":true}]}}