{"id":3719,"date":"2024-10-02T10:01:18","date_gmt":"2024-10-02T08:01:18","guid":{"rendered":"https:\/\/progressholding.pl\/pl\/?page_id=3719"},"modified":"2024-10-02T10:07:47","modified_gmt":"2024-10-02T08:07:47","slug":"uslugi-ksiegowe-dla-branzy-restauracyjnej-w-polsce","status":"publish","type":"page","link":"https:\/\/progressholding.pl\/pl\/uslugi-ksiegowe-dla-branzy-restauracyjnej-w-polsce\/","title":{"rendered":"Us\u0142ugi ksi\u0119gowe dla bran\u017cy restauracyjnej w Polsce"},"content":{"rendered":"<p><strong>Wielu cudzoziemc\u00f3w od dawna z&nbsp;powodzeniem prowadzi swoje restauracje w Polsce, w tym klienci Progress Holding. W zwi\u0105zku z&nbsp;tym nasza firma posiada 20-letnie do\u015bwiadczenie w \u015bwiadczeniu us\u0142ug ksi\u0119gowych dla restauracji prowadzonych przez cudzoziemc\u00f3w.<\/strong><\/p>\n<p>Ksi\u0119gowo\u015b\u0107 w bran\u017cy HoReCa uznawana jest za jedn\u0105 z&nbsp;najbardziej skomplikowanych, poniewa\u017c&nbsp;obejmuje nie tylko zarz\u0105dzanie produkcj\u0105 gotowych da\u0144, ale tak\u017ce sprzeda\u017c, obs\u0142ug\u0119 klienta oraz&nbsp;organizacj\u0119 rozrywki i&nbsp;wypoczynku dla go\u015bci. Progress Holding oferuje swoim klientom pe\u0142en zakres us\u0142ug, a&nbsp;nie tylko podstawow\u0105 ksi\u0119gowo\u015b\u0107 w Polsce.<\/p>\n<h2><strong>Kluczowe aspekty ksi\u0119gowo\u015bci w bran\u017cy restauracyjnej w Polsce to:<\/strong><\/h2>\n<ol>\n<li>Koordynacja obiegu dokument\u00f3w i&nbsp;termin\u00f3w ich przekazywania. Integracja oprogramowania do zarz\u0105dzania restauracj\u0105 z&nbsp;programem ksi\u0119gowym.<\/li>\n<li>Du\u017ca ilo\u015b\u0107 i&nbsp;r\u00f3\u017cnorodno\u015b\u0107 transakcji, takich jak sprzeda\u017c, zakupy, p\u0142atno\u015bci dla dostawc\u00f3w oraz&nbsp;wynagrodzenia.<\/li>\n<li>Wykorzystanie kilku program\u00f3w, co jest niezb\u0119dne do \u015bledzenia zapas\u00f3w i&nbsp;kalkulacji koszt\u00f3w.<\/li>\n<li>Zarz\u0105dzanie wynagrodzeniami i&nbsp;personelem, co wi\u0105\u017ce si\u0119 z&nbsp;liczb\u0105 pracownik\u00f3w i&nbsp;rotacj\u0105 kadr.<\/li>\n<li>Zezwolenia na prac\u0119 dla obcokrajowc\u00f3w, poniewa\u017c&nbsp;w bran\u017cy restauracyjnej zatrudnia si\u0119 wielu zagranicznych pracownik\u00f3w.<\/li>\n<li>Przestrzeganie wymog\u00f3w regulacyjnych dotycz\u0105cych opodatkowania i&nbsp;higieny \u017cywno\u015bci. R\u00f3\u017cne produkty restauracyjne maj\u0105 r\u00f3\u017cne stawki VAT.<\/li>\n<li>Uwzgl\u0119dnienie sezonowo\u015bci i&nbsp;waha\u0144 popytu.<\/li>\n<\/ol>\n<p><img loading=\"lazy\" decoding=\"async\" class=\"alignnone size-full wp-image-3721\" src=\"https:\/\/progressholding.pl\/wp-content\/uploads\/2024\/10\/Progress-Holding-Uslugi-ksiegowe-dla-branzy-restauracyjnej-w-Polsce.jpg\" alt=\"\" width=\"1400\" height=\"623\" srcset=\"https:\/\/progressholding.pl\/wp-content\/uploads\/2024\/10\/Progress-Holding-Uslugi-ksiegowe-dla-branzy-restauracyjnej-w-Polsce.jpg 1400w, https:\/\/progressholding.pl\/wp-content\/uploads\/2024\/10\/Progress-Holding-Uslugi-ksiegowe-dla-branzy-restauracyjnej-w-Polsce-300x134.jpg 300w, https:\/\/progressholding.pl\/wp-content\/uploads\/2024\/10\/Progress-Holding-Uslugi-ksiegowe-dla-branzy-restauracyjnej-w-Polsce-1024x456.jpg 1024w, https:\/\/progressholding.pl\/wp-content\/uploads\/2024\/10\/Progress-Holding-Uslugi-ksiegowe-dla-branzy-restauracyjnej-w-Polsce-768x342.jpg 768w\" sizes=\"auto, (max-width: 1400px) 100vw, 1400px\" \/><\/p>\n<h2><strong>Us\u0142ugi ksi\u0119gowe dla restauracji w Polsce obejmuj\u0105:<\/strong><\/h2>\n<ol>\n<li>Prowadzenie ksi\u0119gowo\u015bci, naliczanie wynagrodze\u0144 oraz&nbsp;ewidencja kadrowa, w tym prowadzenie akt pracowniczych.<\/li>\n<li>Przydzielenie osobistego opiekuna oraz&nbsp;ksi\u0119gowego, kt\u00f3rzy b\u0119d\u0105 w pe\u0142ni zarz\u0105dza\u0107 sprawami firmy w Polsce.<\/li>\n<li>Przygotowanie i&nbsp;sk\u0142adanie raport\u00f3w oraz&nbsp;deklaracji podatkowych, w tym VAT, podatku dochodowego od os\u00f3b prawnych (CIT-8), podatk\u00f3w od wynagrodze\u0144 oraz&nbsp;rocznego sprawozdania finansowego.<\/li>\n<li>Obliczanie wynagrodze\u0144 oraz&nbsp;sk\u0142adek na ubezpieczenia spo\u0142eczne pracownik\u00f3w. Zarz\u0105dzanie za\u015bwiadczeniami o&nbsp;badaniach lekarskich, zgodno\u015bci\u0105 z&nbsp;przepisami BHP, aktami pracownik\u00f3w oraz&nbsp;ksi\u0105\u017ceczkami SANEPID.<\/li>\n<li>Pomoc w uzyskaniu pozwole\u0144 na prac\u0119 dla zagranicznych pracownik\u00f3w w Polsce, a&nbsp;tak\u017ce pomoc w zdobyciu wszystkich niezb\u0119dnych zezwole\u0144 na zatrudnianie cudzoziemc\u00f3w.<\/li>\n<li>Konsultacje w zakresie ksi\u0119gowo\u015bci i&nbsp;podatk\u00f3w, zapewniaj\u0105ce terminowe wype\u0142nianie wszystkich obowi\u0105zk\u00f3w podatkowych.<\/li>\n<li>Pomoc w wyborze kompleksowego oprogramowania ksi\u0119gowego specjalnie zaprojektowanego dla restauracji w Polsce i&nbsp;innych firm z&nbsp;bran\u017cy gastronomicznej.<\/li>\n<li>Wsparcie we wsp\u00f3\u0142pracy z&nbsp;bankami, w tym pomoc w uzyskaniu kredyt\u00f3w i&nbsp;innych us\u0142ug finansowych.<\/li>\n<li>Spisywanie zepsutego towaru w koszty.<\/li>\n<li>Pomoc w uzyskaniu licencji na sprzeda\u017c alkoholu.<\/li>\n<li>Wsparcie w rozwi\u0105zywaniu r\u00f3\u017cnych kwestii administracyjnych na ka\u017cdym etapie dzia\u0142alno\u015bci oraz&nbsp;problem\u00f3w zwi\u0105zanych z&nbsp;audytami.<\/li>\n<\/ol>\n<h3><strong>Elektroniczny obieg dokument\u00f3w w dzia\u0142alno\u015bci<\/strong><\/h3>\n<p>Progress Holding rozumie unikalne potrzeby bran\u017cy restauracyjnej w Polsce i&nbsp;\u015bci\u015ble wsp\u00f3\u0142pracuje ze swoimi klientami, aby zapewni\u0107 dok\u0142adno\u015b\u0107 i&nbsp;terminowo\u015b\u0107 zapis\u00f3w ksi\u0119gowych. Korzystamy z&nbsp;nowoczesnego oprogramowania i&nbsp;technologii, aby zoptymalizowa\u0107 procesy i&nbsp;zminimalizowa\u0107 b\u0142\u0119dy, co zapewnia sprawn\u0105 i&nbsp;efektywn\u0105 dzia\u0142alno\u015b\u0107.<\/p>","protected":false},"excerpt":{"rendered":"<p>Wielu cudzoziemc\u00f3w od dawna z&nbsp;powodzeniem prowadzi swoje restauracje w Polsce, w tym klienci Progress Holding. W zwi\u0105zku z&nbsp;tym nasza firma posiada 20-letnie do\u015bwiadczenie w \u015bwiadczeniu us\u0142ug ksi\u0119gowych dla restauracji prowadzonych przez cudzoziemc\u00f3w. Ksi\u0119gowo\u015b\u0107 w bran\u017cy HoReCa uznawana jest za jedn\u0105 z&nbsp;najbardziej skomplikowanych, poniewa\u017c&nbsp;obejmuje nie tylko zarz\u0105dzanie produkcj\u0105 gotowych da\u0144, ale tak\u017ce sprzeda\u017c, obs\u0142ug\u0119 klienta oraz&nbsp;organizacj\u0119 [&hellip;]<\/p>\n","protected":false},"author":6,"featured_media":0,"parent":0,"menu_order":0,"comment_status":"closed","ping_status":"closed","template":"","meta":{"_acf_changed":false,"inline_featured_image":false,"_monsterinsights_skip_tracking":false,"_monsterinsights_sitenote_active":false,"_monsterinsights_sitenote_note":"","_monsterinsights_sitenote_category":0,"footnotes":""},"class_list":["post-3719","page","type-page","status-publish","hentry"],"acf":[],"aioseo_notices":[],"_links":{"self":[{"href":"https:\/\/progressholding.pl\/pl\/wp-json\/wp\/v2\/pages\/3719","targetHints":{"allow":["GET"]}}],"collection":[{"href":"https:\/\/progressholding.pl\/pl\/wp-json\/wp\/v2\/pages"}],"about":[{"href":"https:\/\/progressholding.pl\/pl\/wp-json\/wp\/v2\/types\/page"}],"author":[{"embeddable":true,"href":"https:\/\/progressholding.pl\/pl\/wp-json\/wp\/v2\/users\/6"}],"replies":[{"embeddable":true,"href":"https:\/\/progressholding.pl\/pl\/wp-json\/wp\/v2\/comments?post=3719"}],"version-history":[{"count":0,"href":"https:\/\/progressholding.pl\/pl\/wp-json\/wp\/v2\/pages\/3719\/revisions"}],"wp:attachment":[{"href":"https:\/\/progressholding.pl\/pl\/wp-json\/wp\/v2\/media?parent=3719"}],"curies":[{"name":"wp","href":"https:\/\/api.w.org\/{rel}","templated":true}]}}