{"id":3826,"date":"2024-10-14T11:19:17","date_gmt":"2024-10-14T09:19:17","guid":{"rendered":"https:\/\/progressholding.pl\/pl\/?page_id=3826"},"modified":"2026-01-30T15:53:49","modified_gmt":"2026-01-30T14:53:49","slug":"jak-otworzyc-firme-it-w-polsce","status":"publish","type":"page","link":"https:\/\/progressholding.pl\/pl\/jak-otworzyc-firme-it-w-polsce\/","title":{"rendered":"Jak otworzy\u0107 firm\u0119 IT w Polsce?"},"content":{"rendered":"<p><img loading=\"lazy\" decoding=\"async\" class=\"aligncenter size-full wp-image-3829\" src=\"https:\/\/progressholding.pl\/wp-content\/uploads\/2024\/10\/Jak-otworzyc-firme-IT-w-Polsce_.jpg\" alt=\"Jak otworzy\u0107 firm\u0119 IT w Polsce\" width=\"1400\" height=\"623\" srcset=\"https:\/\/progressholding.pl\/wp-content\/uploads\/2024\/10\/Jak-otworzyc-firme-IT-w-Polsce_.jpg 1400w, https:\/\/progressholding.pl\/wp-content\/uploads\/2024\/10\/Jak-otworzyc-firme-IT-w-Polsce_-300x134.jpg 300w, https:\/\/progressholding.pl\/wp-content\/uploads\/2024\/10\/Jak-otworzyc-firme-IT-w-Polsce_-1024x456.jpg 1024w, https:\/\/progressholding.pl\/wp-content\/uploads\/2024\/10\/Jak-otworzyc-firme-IT-w-Polsce_-768x342.jpg 768w\" sizes=\"auto, (max-width: 1400px) 100vw, 1400px\" \/><\/p>\n<p>Dlaczego firmy IT zak\u0142adaj\u0105 dzia\u0142alno\u015b\u0107 w Polsce? G\u0142\u00f3wne powody to: du\u017cy potencja\u0142 kadrowy, wszechstronny outsourcing, wysokiej jako\u015bci us\u0142ugi, sprzyjaj\u0105cy klimat biznesowy oraz&nbsp;mo\u017cliwo\u015bci pracy zdalnej. Spo\u0142eczno\u015b\u0107 IT w Polsce stanowi prawie 25% wszystkich programist\u00f3w w Europie \u015arodkowo-Wschodniej.<\/p>\n<p>Zgodnie z&nbsp;rankingiem Harvard Business Review, Polska zajmuje pi\u0105te miejsce na \u015bwiecie pod wzgl\u0119dem umiej\u0119tno\u015bci technicznych, a&nbsp;tak\u017ce znajduje si\u0119 w pierwszej dziesi\u0105tce kraj\u00f3w europejskich pod wzgl\u0119dem zaawansowanego oprogramowania. W Polsce dzia\u0142a oko\u0142o 60 000 firm zajmuj\u0105cych si\u0119 tworzeniem oprogramowania, kt\u00f3re zatrudniaj\u0105 ponad 700 000 os\u00f3b, w tym mi\u0119dzynarodowych gigant\u00f3w, takich jak Google, Amazon i&nbsp;Microsoft.<\/p>\n<p>Wysoki poziom znajomo\u015bci j\u0119zyka angielskiego w\u015br\u00f3d polskich programist\u00f3w jest du\u017c\u0105 zalet\u0105 dla mi\u0119dzynarodowych firm. Dzi\u0119ki temu wsp\u00f3\u0142praca i&nbsp;komunikacja z&nbsp;zagranicznymi zespo\u0142ami i&nbsp;klientami staje si\u0119 \u0142atwiejsza.<\/p>\n<p>Uwaga: \u015bwiadczenie us\u0142ug IT w Polsce nie wymaga licencji. Wystarczy zarejestrowa\u0107 firm\u0119.<br \/>\nW przypadku us\u0142ug IT ca\u0142a procedura otwarcia firmy w Polsce sprowadza si\u0119 do za\u0142o\u017cenia i&nbsp;rejestracji dzia\u0142alno\u015bci gospodarczej przez obcokrajowc\u00f3w.<\/p>\n<h3>Jak zarejestrowa\u0107 firm\u0119 IT w Polsce<\/h3>\n<p>Proces zak\u0142adania firmy IT w Polsce obejmuje kilka obowi\u0105zkowych etap\u00f3w:<\/p>\n<ol>\n<li>Wyb\u00f3r formy prawnej dzia\u0142alno\u015bci: mo\u017ce to by\u0107 jednoosobowa dzia\u0142alno\u015b\u0107 gospodarcza (JDG) lub&nbsp;sp\u00f3\u0142ka z&nbsp;ograniczon\u0105 odpowiedzialno\u015bci\u0105 (Sp. z&nbsp;o.o.).<\/li>\n<li>Wyb\u00f3r nazwy firmy i&nbsp;adresu siedziby \u2013 mo\u017ce to by\u0107 biuro, mieszkanie lub&nbsp;przestrze\u0144 coworkingowa.<\/li>\n<li>Uzyskanie numeru PESEL (identyfikator podatkowy) oraz&nbsp;za\u0142o\u017cenie profilu ePUAP (podpis elektroniczny) Zweryfikowa\u0107 to\u017csamo\u015b\u0107 do uzyskania ePUAP mo\u017cna dokona\u0107 wy\u0142\u0105cznie osobi\u015bcie w Polsce. W przeciwnym przypadku mo\u017cliwe jest uzyskanie elektronicznego podpisu kwalifikowanego zdalnie przy znajomo\u015bci j\u0119zyka angielskiego. Czas potrzebny do otrzymania elektronicznego podpisu kwalifikowanego wynosi do 7 dni.<\/li>\n<li>Przygotowanie statutu sp\u00f3\u0142ki IT w systemie S24.<\/li>\n<li>Wniesienie kapita\u0142u zak\u0142adowego (minimalny kapita\u0142 zak\u0142adowy dla Sp. z&nbsp;o.o. wynosi 5 000 PLN).<\/li>\n<li>Okre\u015blenie PKD (klasyfikacja dzia\u0142alno\u015bci). Zazwyczaj dla us\u0142ug IT to 62.01, 62.02.<\/li>\n<li>Rejestracja w Krajowym Rejestrze S\u0105dowym (KRS).<\/li>\n<li>Uzyskanie numeru KRS oraz&nbsp;certyfikatu rejestracyjnego sp\u00f3\u0142ki, a&nbsp;tak\u017ce numeru NIP (numer p\u0142atnika podatku).<\/li>\n<li>Otwarcie rachunku bankowego dla firmy IT.<\/li>\n<li>Zg\u0142oszenie si\u0119 do urz\u0119d\u00f3w podatkowych, ZUS (Zak\u0142ad Ubezpiecze\u0144 Spo\u0142ecznych) oraz&nbsp;GUS (G\u0142\u00f3wny Urz\u0105d Statystyczny).<\/li>\n<\/ol>\n<h3>Opodatkowanie firm IT i&nbsp;ich finanse w Polsce<\/h3>\n<p>Otworzenie firmy IT w Polsce bez uwzgl\u0119dnienia aspekt\u00f3w finansowych jest niemo\u017cliwe. Dlatego planuj\u0105c start firmy IT, warto zwr\u00f3ci\u0107 uwag\u0119 na finanse, w tym na podatki. W zale\u017cno\u015bci od formy prawnej dzia\u0142alno\u015bci (JDG lub&nbsp;Sp. z&nbsp;o.o.), w\u0142a\u015bciciele firm IT mog\u0105 wybiera\u0107 form\u0119 opodatkowania obowi\u0105zuj\u0105c\u0105 w Polsce.<\/p>\n<p>Przedsi\u0119biorcy otwieraj\u0105cy firm\u0119 IT w Polsce powinni zarejestrowa\u0107 si\u0119 jako p\u0142atnicy VAT. Zwolnienie z&nbsp;VAT nie dotyczy firm IT \u015bwiadcz\u0105cych us\u0142ugi doradcze, poniewa\u017c&nbsp;ten rodzaj us\u0142ug wyklucza mo\u017cliwo\u015b\u0107 zwolnienia z&nbsp;VAT. Je\u015bli dzia\u0142alno\u015b\u0107 dotyczy jedynie programowania, jako JDG mo\u017cna korzysta\u0107 z&nbsp;rycza\u0142tu i&nbsp;p\u0142aci\u0107 8,5% podatku.<\/p>\n<p>W przypadku sp\u00f3\u0142ek z&nbsp;o.o., je\u015bli roczne dochody nie przekraczaj\u0105 2 mln euro, stawka CIT wynosi 9%, a&nbsp;je\u015bli przekraczaj\u0105 \u2013 19%.<\/p>\n<h3>Marketing i&nbsp;promocja firmy IT w Polsce<\/h3>\n<p>Sukces firmy IT w Polsce nie jest mo\u017cliwy bez skutecznej strategii marketingowej. Twoja firma musi by\u0107 widoczna na rynku, dlatego&nbsp;warto opracowa\u0107 kompleksowy plan promocji produkt\u00f3w lub&nbsp;us\u0142ug, kt\u00f3ry obejmuje zar\u00f3wno dzia\u0142ania online, jak i&nbsp;offline.<\/p>\n<h3>Kasa fiskalna dla firmy IT w Polsce<\/h3>\n<p>Zazwyczaj firma IT w Polsce nie potrzebuje kasy fiskalnej, poniewa\u017c&nbsp;tego typu firmy nie sprzedaj\u0105 bezpo\u015brednio towar\u00f3w ani&nbsp;us\u0142ug indywidualnym konsumentom. Dzia\u0142alno\u015b\u0107 firm IT koncentruje si\u0119 na tworzeniu oprogramowania, \u015bwiadczeniu us\u0142ug IT, doradztwie oraz&nbsp;innych us\u0142ugach dla innych firm.<\/p>\n<h3>Dlaczego firmy IT i&nbsp;technologiczne wybieraj\u0105 Progress Holding jako swoich ksi\u0119gowych?<\/h3>\n<p>Jeste\u015bmy niezale\u017cn\u0105 firm\u0105 ksi\u0119gow\u0105 z&nbsp;du\u017cym do\u015bwiadczeniem, specjalizuj\u0105c\u0105 si\u0119 w sektorze IT i&nbsp;technologicznym. Nasza wiedza pozwala nam rozumie\u0107 wyzwania, przed kt\u00f3rymi stoj\u0105 nowoczesne bran\u017ce. Oferujemy profesjonalne doradztwo i&nbsp;pomagamy korzysta\u0107 z&nbsp;ulg podatkowych, takich jak IP BOX i&nbsp;ulgi na badania i&nbsp;rozw\u00f3j.<\/p>\n<h3>Us\u0142ugi ksi\u0119gowe dla firm IT w Polsce \u015bwiadczone przez Progress Holding<\/h3>\n<p>Gdy rozpoczniesz sprzeda\u017c, musisz wybra\u0107 firm\u0119 ksi\u0119gow\u0105, kt\u00f3ra poprowadzi ksi\u0119gowo\u015b\u0107 i&nbsp;z\u0142o\u017cy deklaracje podatkowe. Wa\u017cne jest, aby ksi\u0119gowy by\u0142 niezawodnym partnerem. Nasze wieloletnie do\u015bwiadczenie w zak\u0142adaniu firm i&nbsp;obs\u0142udze ma\u0142ych oraz&nbsp;\u015brednich firm IT mo\u017ce ci w tym pom\u00f3c.<\/p>\n<p>Us\u0142ugi ksi\u0119gowe obejmuj\u0105:<\/p>\n<ol>\n<li>Prowadzenie rachunkowo\u015bci projekt\u00f3w i&nbsp;um\u00f3w IT<\/li>\n<li>Analiz\u0119 rentowno\u015bci projekt\u00f3w i&nbsp;klient\u00f3w<\/li>\n<li>Prowadzenie ksi\u0105g rachunkowych<\/li>\n<li>Ewidencj\u0119 \u015brodk\u00f3w trwa\u0142ych i&nbsp;warto\u015bci niematerialnych<\/li>\n<li>Ewidencj\u0119 grant\u00f3w i&nbsp;dotacji dla firm IT w Polsce<\/li>\n<li>Ksi\u0119gowanie transakcji mi\u0119dzynarodowych<\/li>\n<li>Wsparcie podczas audyt\u00f3w finansowych i&nbsp;kontroli podatkowych<\/li>\n<li>Us\u0142ugi w zakresie wsp\u00f3\u0142pracy z&nbsp;bankami<\/li>\n<li>Przygotowanie i&nbsp;sk\u0142adanie deklaracji podatkowych (CIT, VAT, OSS)<\/li>\n<li>Wsparcie przy przygotowaniu dokumentacji przetargowej<\/li>\n<li>Roczne sprawozdania podatkowe dla firm IT<\/li>\n<li>Ulgi podatkowe (IP BOX) \u2013 pomagamy firmom IT korzysta\u0107 z&nbsp;ulg podatkowych na w\u0142asno\u015b\u0107 intelektualn\u0105 oraz&nbsp;dzia\u0142alno\u015b\u0107 badawczo-rozwojow\u0105.<\/li>\n<\/ol>\n<p>Otwarcie firmy IT w Polsce to z\u0142o\u017cony, ale wykonalny proces, kt\u00f3ry wymaga dok\u0142adnego przygotowania i&nbsp;konsekwentnego realizowania kluczowych etap\u00f3w. Post\u0119puj\u0105c zgodnie z&nbsp;powy\u017cszymi wytycznymi, b\u0119dziesz m\u00f3g\u0142 pewnie rozpocz\u0105\u0107 dzia\u0142alno\u015b\u0107 w Polsce, zapewniaj\u0105c jej stabilny wzrost i&nbsp;rozw\u00f3j.<\/p>\n<p>Je\u015bli masz pytania, skontaktuj si\u0119 z&nbsp;nami: <a href=\"mailto:office@progressholding.pl\" rel=\"noopener\">office@progressholding.pl<\/a><\/p>","protected":false},"excerpt":{"rendered":"<p>Dlaczego firmy IT zak\u0142adaj\u0105 dzia\u0142alno\u015b\u0107 w Polsce? G\u0142\u00f3wne powody to: du\u017cy potencja\u0142 kadrowy, wszechstronny outsourcing, wysokiej jako\u015bci us\u0142ugi, sprzyjaj\u0105cy klimat biznesowy oraz&nbsp;mo\u017cliwo\u015bci pracy zdalnej. Spo\u0142eczno\u015b\u0107 IT w Polsce stanowi prawie 25% wszystkich programist\u00f3w w Europie \u015arodkowo-Wschodniej. Zgodnie z&nbsp;rankingiem Harvard Business Review, Polska zajmuje pi\u0105te miejsce na \u015bwiecie pod wzgl\u0119dem umiej\u0119tno\u015bci technicznych, a&nbsp;tak\u017ce znajduje si\u0119 w [&hellip;]<\/p>\n","protected":false},"author":6,"featured_media":0,"parent":0,"menu_order":0,"comment_status":"closed","ping_status":"closed","template":"","meta":{"_acf_changed":false,"inline_featured_image":false,"_monsterinsights_skip_tracking":false,"_monsterinsights_sitenote_active":false,"_monsterinsights_sitenote_note":"","_monsterinsights_sitenote_category":0,"footnotes":""},"class_list":["post-3826","page","type-page","status-publish","hentry"],"acf":[],"aioseo_notices":[],"_links":{"self":[{"href":"https:\/\/progressholding.pl\/pl\/wp-json\/wp\/v2\/pages\/3826","targetHints":{"allow":["GET"]}}],"collection":[{"href":"https:\/\/progressholding.pl\/pl\/wp-json\/wp\/v2\/pages"}],"about":[{"href":"https:\/\/progressholding.pl\/pl\/wp-json\/wp\/v2\/types\/page"}],"author":[{"embeddable":true,"href":"https:\/\/progressholding.pl\/pl\/wp-json\/wp\/v2\/users\/6"}],"replies":[{"embeddable":true,"href":"https:\/\/progressholding.pl\/pl\/wp-json\/wp\/v2\/comments?post=3826"}],"version-history":[{"count":5,"href":"https:\/\/progressholding.pl\/pl\/wp-json\/wp\/v2\/pages\/3826\/revisions"}],"predecessor-version":[{"id":5882,"href":"https:\/\/progressholding.pl\/pl\/wp-json\/wp\/v2\/pages\/3826\/revisions\/5882"}],"wp:attachment":[{"href":"https:\/\/progressholding.pl\/pl\/wp-json\/wp\/v2\/media?parent=3826"}],"curies":[{"name":"wp","href":"https:\/\/api.w.org\/{rel}","templated":true}]}}