{"id":3869,"date":"2024-10-17T15:45:19","date_gmt":"2024-10-17T13:45:19","guid":{"rendered":"https:\/\/progressholding.pl\/pl\/?page_id=3869"},"modified":"2025-07-31T15:09:03","modified_gmt":"2025-07-31T13:09:03","slug":"jak-otworzyc-restauracje-w-polsce","status":"publish","type":"page","link":"https:\/\/progressholding.pl\/pl\/jak-otworzyc-restauracje-w-polsce\/","title":{"rendered":"Jak otworzy\u0107 restauracj\u0119 w Polsce"},"content":{"rendered":"<p><img loading=\"lazy\" decoding=\"async\" class=\"alignnone size-full wp-image-3897\" src=\"https:\/\/progressholding.pl\/wp-content\/uploads\/2024\/10\/Jak-otworzyc-restauracje-w-Polsce.jpg\" alt=\"Jak otworzy\u0107 restauracj\u0119 w Polsce\" width=\"1400\" height=\"623\" srcset=\"https:\/\/progressholding.pl\/wp-content\/uploads\/2024\/10\/Jak-otworzyc-restauracje-w-Polsce.jpg 1400w, https:\/\/progressholding.pl\/wp-content\/uploads\/2024\/10\/Jak-otworzyc-restauracje-w-Polsce-300x134.jpg 300w, https:\/\/progressholding.pl\/wp-content\/uploads\/2024\/10\/Jak-otworzyc-restauracje-w-Polsce-1024x456.jpg 1024w, https:\/\/progressholding.pl\/wp-content\/uploads\/2024\/10\/Jak-otworzyc-restauracje-w-Polsce-768x342.jpg 768w\" sizes=\"auto, (max-width: 1400px) 100vw, 1400px\" \/><\/p>\n<p>Jak otworzy\u0107 restauracj\u0119 w Polsce? Takie pytanie zadaje sobie wielu przedsi\u0119biorc\u00f3w, w tym r\u00f3wnie\u017c obcokrajowcy, kt\u00f3rzy przeprowadzili si\u0119 do Polski. Polska jest atrakcyjnym miejscem do rozpocz\u0119cia dzia\u0142alno\u015bci gastronomicznej. Je\u015bli chcesz otworzy\u0107 restauracj\u0119, mo\u017ce to by\u0107 dla ciebie zyskowny biznes. Zanim jednak&nbsp;podejmiesz decyzj\u0119, musisz okre\u015bli\u0107 rodzaj dzia\u0142alno\u015bci, wybra\u0107 lokalizacj\u0119 oraz&nbsp;zbudowa\u0107 zesp\u00f3\u0142. Wa\u017cne jest r\u00f3wnie\u017c przeprowadzenie dog\u0142\u0119bnej analizy rynku i&nbsp;stworzenie jasnego biznesplanu.<\/p>\n<h2><strong>Kto mo\u017ce otworzy\u0107 restauracj\u0119 w Polsce?<\/strong><\/h2>\n<p>Bran\u017ca gastronomiczna w Polsce jest dost\u0119pna nie tylko dla obywateli kraju, ale tak\u017ce dla obcokrajowc\u00f3w. W\u0142a\u015bcicielem restauracji mog\u0105 by\u0107 zar\u00f3wno obywatele Polski, jak i&nbsp;osoby z&nbsp;zagranicy, co otwiera mo\u017cliwo\u015bci na r\u00f3\u017cnorodne formaty restauracji. Aby otworzy\u0107 firm\u0119 i&nbsp;prowadzi\u0107 dzia\u0142alno\u015b\u0107 gastronomiczn\u0105 w Polsce, nale\u017cy przestrzega\u0107 lokalnych procedur rejestracji firmy. Obejmuje to przygotowanie odpowiednich dokument\u00f3w i&nbsp;uzyskanie zezwole\u0144 na prowadzenie dzia\u0142alno\u015bci.<\/p>\n<h2><strong>Jak zarejestrowa\u0107 firm\u0119 gastronomiczn\u0105 w Polsce?<\/strong><\/h2>\n<p>Aby zarejestrowa\u0107 firm\u0119 gastronomiczn\u0105 w Polsce, musisz wykona\u0107 nast\u0119puj\u0105ce kroki:<\/p>\n<ol>\n<li>Wybierz form\u0119 prawn\u0105 dzia\u0142alno\u015bci \u2013 mo\u017cesz prowadzi\u0107 firm\u0119 jako jednoosobowa dzia\u0142alno\u015b\u0107 gospodarcza lub&nbsp;sp\u00f3\u0142k\u0119 z&nbsp;ograniczon\u0105 odpowiedzialno\u015bci\u0105 (sp. z&nbsp;o.o.).<\/li>\n<li>Wype\u0142nij proces rejestracji firmy online przez system S24.<\/li>\n<li>Przygotuj niezb\u0119dne dokumenty: nazw\u0119 firmy, adres prawny, statut i&nbsp;akt za\u0142o\u017cycielski podpisany przez wszystkich za\u0142o\u017cycieli, a&nbsp;tak\u017ce dane wsp\u00f3lnik\u00f3w i&nbsp;cz\u0142onk\u00f3w zarz\u0105du.<\/li>\n<li>Okre\u015bl odpowiedni PKD dla dzia\u0142alno\u015bci gastronomicznej (sekcja I, dzia\u0142 56).<\/li>\n<li>Uzyskaj numer identyfikacji podatkowej (NIP) i&nbsp;zarejestruj firm\u0119 w Krajowym Rejestrze S\u0105dowym (KRS).<\/li>\n<li>Otw\u00f3rz rachunek bankowy i&nbsp;wp\u0142a\u0107 wymagany kapita\u0142 zak\u0142adowy (minimum 5000 z\u0142).<\/li>\n<li>Zarejestruj si\u0119 jako p\u0142atnik VAT, je\u015bli jest to konieczne.<\/li>\n<li>Zarejestruj firm\u0119 w urz\u0119dzie skarbowym, ZUS i&nbsp;GUS.<\/li>\n<\/ol>\n<h2><strong>Wymagania przy otwieraniu restauracji w Polsce<\/strong><\/h2>\n<p>Restauracja musi spe\u0142nia\u0107 surowe wymagania, w tym:<\/p>\n<ul>\n<li>Przestrzeganie norm sanitarno-higienicznych.<\/li>\n<li>Uzyskanie zezwole\u0144 na prowadzenie dzia\u0142alno\u015bci gastronomicznej.<\/li>\n<li>Zatrudnienie wykwalifikowanego personelu.<\/li>\n<li>Przestrzeganie przepis\u00f3w przeciwpo\u017carowych.<\/li>\n<\/ul>\n<h2><strong>Lokal dla restauracji<\/strong><\/h2>\n<p>Lokal mo\u017cna wynaj\u0105\u0107, kupi\u0107 lub&nbsp;zbudowa\u0107. Wynajem jest zazwyczaj ta\u0144sz\u0105 i&nbsp;bardziej dost\u0119pn\u0105 opcj\u0105. Wa\u017cne jest, aby wybra\u0107 lokal spe\u0142niaj\u0105cy standardy bezpiecze\u0144stwa i&nbsp;sanitarne, kt\u00f3ry b\u0119dzie odpowiedni do obs\u0142ugi klient\u00f3w, przygotowywania posi\u0142k\u00f3w i&nbsp;przestrzegania wymaga\u0144 dotycz\u0105cych uk\u0142adu i&nbsp;wielko\u015bci.<\/p>\n<h2><strong>Licencje i&nbsp;pozwolenia na prowadzenie restauracji w Polsce<\/strong><\/h2>\n<p>Aby sprzedawa\u0107 alkohol w restauracji, wymagane jest specjalne zezwolenie. Nale\u017cy tak\u017ce uzyska\u0107 licencje potwierdzaj\u0105ce zgodno\u015b\u0107 dzia\u0142alno\u015bci z&nbsp;przepisami dotycz\u0105cymi bezpiecze\u0144stwa \u017cywno\u015bci. Zezwolenia te wydawane s\u0105 przez lokalne w\u0142adze, a&nbsp;ich otrzymanie wi\u0105\u017ce si\u0119 z&nbsp;op\u0142atami rocznymi.<\/p>\n<h2><strong>Zatrudnianie pracownik\u00f3w<\/strong><\/h2>\n<p>Przy prowadzeniu restauracji w Polsce mo\u017cna zatrudnia\u0107 obcokrajowc\u00f3w, co daje wiele korzy\u015bci, ale wymaga starannego zaplanowania i&nbsp;uzyskania odpowiednich pozwole\u0144.<\/p>\n<h2><strong>Us\u0142ugi ksi\u0119gowe dla bran\u017cy gastronomicznej<\/strong><\/h2>\n<p>Progress Holding oferuje kompleksow\u0105 obs\u0142ug\u0119 ksi\u0119gow\u0105 dla restauracji, w tym:<\/p>\n<ul>\n<li>Prowadzenie pe\u0142nej ksi\u0119gowo\u015bci zgodnie z&nbsp;polskim prawem.<\/li>\n<li>Przygotowywanie i&nbsp;sk\u0142adanie deklaracji podatkowych.<\/li>\n<li>Obs\u0142uga zatrudnienia pracownik\u00f3w.<\/li>\n<li>Uzyskiwanie zezwole\u0144 na zatrudnienie obcokrajowc\u00f3w.<\/li>\n<li>Pomoc w uzyskaniu licencji na sprzeda\u017c alkoholu.<\/li>\n<\/ul>\n<p>Mam nadziej\u0119, \u017ce te informacje pomog\u0105 ci otworzy\u0107 restauracj\u0119 w Polsce! Je\u015bli masz dodatkowe pytania, mo\u017cesz skontaktowa\u0107 si\u0119 z&nbsp;Progress Holding na adres <a href=\"mailto:office@progressholding.pl\" rel=\"noopener\">office@progressholding.pl<\/a>.<\/p>","protected":false},"excerpt":{"rendered":"<p>Jak otworzy\u0107 restauracj\u0119 w Polsce? Takie pytanie zadaje sobie wielu przedsi\u0119biorc\u00f3w, w tym r\u00f3wnie\u017c obcokrajowcy, kt\u00f3rzy przeprowadzili si\u0119 do Polski. Polska jest atrakcyjnym miejscem do rozpocz\u0119cia dzia\u0142alno\u015bci gastronomicznej. Je\u015bli chcesz otworzy\u0107 restauracj\u0119, mo\u017ce to by\u0107 dla ciebie zyskowny biznes. Zanim jednak&nbsp;podejmiesz decyzj\u0119, musisz okre\u015bli\u0107 rodzaj dzia\u0142alno\u015bci, wybra\u0107 lokalizacj\u0119 oraz&nbsp;zbudowa\u0107 zesp\u00f3\u0142. Wa\u017cne jest r\u00f3wnie\u017c przeprowadzenie dog\u0142\u0119bnej [&hellip;]<\/p>\n","protected":false},"author":6,"featured_media":0,"parent":0,"menu_order":0,"comment_status":"closed","ping_status":"closed","template":"","meta":{"_acf_changed":false,"inline_featured_image":false,"_monsterinsights_skip_tracking":false,"_monsterinsights_sitenote_active":false,"_monsterinsights_sitenote_note":"","_monsterinsights_sitenote_category":0,"footnotes":""},"class_list":["post-3869","page","type-page","status-publish","hentry"],"acf":[],"aioseo_notices":[],"_links":{"self":[{"href":"https:\/\/progressholding.pl\/pl\/wp-json\/wp\/v2\/pages\/3869","targetHints":{"allow":["GET"]}}],"collection":[{"href":"https:\/\/progressholding.pl\/pl\/wp-json\/wp\/v2\/pages"}],"about":[{"href":"https:\/\/progressholding.pl\/pl\/wp-json\/wp\/v2\/types\/page"}],"author":[{"embeddable":true,"href":"https:\/\/progressholding.pl\/pl\/wp-json\/wp\/v2\/users\/6"}],"replies":[{"embeddable":true,"href":"https:\/\/progressholding.pl\/pl\/wp-json\/wp\/v2\/comments?post=3869"}],"version-history":[{"count":1,"href":"https:\/\/progressholding.pl\/pl\/wp-json\/wp\/v2\/pages\/3869\/revisions"}],"predecessor-version":[{"id":5131,"href":"https:\/\/progressholding.pl\/pl\/wp-json\/wp\/v2\/pages\/3869\/revisions\/5131"}],"wp:attachment":[{"href":"https:\/\/progressholding.pl\/pl\/wp-json\/wp\/v2\/media?parent=3869"}],"curies":[{"name":"wp","href":"https:\/\/api.w.org\/{rel}","templated":true}]}}