{"id":3880,"date":"2024-10-18T09:30:21","date_gmt":"2024-10-18T07:30:21","guid":{"rendered":"https:\/\/progressholding.pl\/pl\/?page_id=3880"},"modified":"2026-01-30T15:54:58","modified_gmt":"2026-01-30T14:54:58","slug":"jak-rozpoczac-dzialalnosc-agencji-zatrudnienia-w-polsce","status":"publish","type":"page","link":"https:\/\/progressholding.pl\/pl\/jak-rozpoczac-dzialalnosc-agencji-zatrudnienia-w-polsce\/","title":{"rendered":"Jak rozpocz\u0105\u0107 dzia\u0142alno\u015b\u0107 agencji zatrudnienia w Polsce"},"content":{"rendered":"<p><\/p>\n<div class=\"flex max-w-full flex-col flex-grow\">\n<div class=\"min-h-8 text-message flex w-full flex-col items-end gap-2 whitespace-normal break-words [.text-message+&amp;]:mt-5\" dir=\"auto\" data-message-author-role=\"assistant\" data-message-id=\"07e6930d-5751-4b92-8502-0d2fd77122f0\" data-message-model-slug=\"gpt-4o\">\n<div class=\"flex w-full flex-col gap-1 empty:hidden first:pt-[3px]\">\n<div class=\"markdown prose w-full break-words dark:prose-invert light\">\n<p><img loading=\"lazy\" decoding=\"async\" class=\"alignnone size-full wp-image-3893\" src=\"https:\/\/progressholding.pl\/wp-content\/uploads\/2024\/10\/Jak-rozpoczac-dzialalnosc-agencji-zatrudnienia-w-Polsce.jpg\" alt=\"Jak rozpocz\u0105\u0107 dzia\u0142alno\u015b\u0107 agencji zatrudnienia w Polsce\" width=\"1400\" height=\"623\" srcset=\"https:\/\/progressholding.pl\/wp-content\/uploads\/2024\/10\/Jak-rozpoczac-dzialalnosc-agencji-zatrudnienia-w-Polsce.jpg 1400w, https:\/\/progressholding.pl\/wp-content\/uploads\/2024\/10\/Jak-rozpoczac-dzialalnosc-agencji-zatrudnienia-w-Polsce-300x134.jpg 300w, https:\/\/progressholding.pl\/wp-content\/uploads\/2024\/10\/Jak-rozpoczac-dzialalnosc-agencji-zatrudnienia-w-Polsce-1024x456.jpg 1024w, https:\/\/progressholding.pl\/wp-content\/uploads\/2024\/10\/Jak-rozpoczac-dzialalnosc-agencji-zatrudnienia-w-Polsce-768x342.jpg 768w\" sizes=\"auto, (max-width: 1400px) 100vw, 1400px\" \/><\/p>\n<p>Za\u0142o\u017cenie agencji zatrudnienia w Polsce to perspektywiczny pomys\u0142 na biznes, zw\u0142aszcza bior\u0105c pod uwag\u0119 rosn\u0105ce zapotrzebowanie na si\u0142\u0119 robocz\u0105. Je\u015bli chcesz dowiedzie\u0107 si\u0119, jak otworzy\u0107 agencj\u0119 zatrudnienia w Polsce, musisz uwzgl\u0119dni\u0107 podstawowe aspekty, kt\u00f3re pomog\u0105 pomy\u015blnie rozpocz\u0105\u0107 dzia\u0142alno\u015b\u0107 w tym kraju.<\/p>\n<h2><strong>Jak dzia\u0142a agencja zatrudnienia w Polsce?<\/strong><\/h2>\n<p>Praca agencji zatrudnienia w Polsce polega na \u0142\u0105czeniu pracodawc\u00f3w z&nbsp;odpowiednimi kandydatami.<\/p>\n<p><strong>Kluczowe kwestie:<\/strong><\/p>\n<p><strong>Obowi\u0105zki agencji zatrudnienia:<\/strong><\/p>\n<ul>\n<li>Udost\u0119pnianie informacji o&nbsp;ofertach pracy.<\/li>\n<li>Pomoc w przygotowaniu CV i&nbsp;przygotowaniu do rozmowy kwalifikacyjnej.<\/li>\n<li>Zawieranie um\u00f3w o&nbsp;zatrudnienie.<\/li>\n<li>Monitorowanie warunk\u00f3w pracy w miejscach zatrudnienia.<\/li>\n<li>Zatrudnianie pracownik\u00f3w tymczasowych.<\/li>\n<li>Konsultacje w zakresie spraw kadrowych.<\/li>\n<\/ul>\n<p><strong>Jak otworzy\u0107 agencj\u0119 zatrudnienia w Polsce i&nbsp;osi\u0105gn\u0105\u0107 maksymalny zysk?<\/strong><\/p>\n<ul>\n<li>\u015awiadczenie wysokiej jako\u015bci us\u0142ug.<\/li>\n<li>Stworzenie profesjonalnego zespo\u0142u pracownik\u00f3w.<\/li>\n<li>Wykorzystywanie nowoczesnych narz\u0119dzi reklamy i&nbsp;marketingu.<\/li>\n<\/ul>\n<p>Agencj\u0119 mog\u0105 otworzy\u0107 zar\u00f3wno obywatele Polski, jak i&nbsp;cudzoziemcy. Cudzoziemcy maj\u0105 mo\u017cliwo\u015b\u0107 otwarcia firmy w Polsce, jednak&nbsp;musz\u0105 spe\u0142ni\u0107 okre\u015blone wymagania.<\/p>\n<p>Aby zarejestrowa\u0107 agencj\u0119 zatrudnienia w Polsce, nale\u017cy przej\u015b\u0107 proces rejestracji firmy, kt\u00f3ry obejmuje wyb\u00f3r formy prawnej dzia\u0142alno\u015bci i&nbsp;uzyskanie niezb\u0119dnych licencji. Kluczowe jest przestrzeganie wszystkich wymaganych przepis\u00f3w.<\/p>\n<h2><strong>Jak zarejestrowa\u0107 agencj\u0119 zatrudnienia w Polsce?<\/strong><\/h2>\n<p>Rejestracja firmy w Polsce w celu \u015bwiadczenia us\u0142ug zatrudnienia to stosunkowo prosty proces.<\/p>\n<p><strong>Oto, co jest potrzebne do rejestracji agencji zatrudnienia w Polsce:<\/strong><\/p>\n<ol>\n<li><strong><a href=\"https:\/\/progressholding.pl\/pl\/jak-otworzyc-firme-w-polsce-od-czego-zaczac\/\">Otworzenie firmy w Polsce<\/a>:<\/strong><\/li>\n<\/ol>\n<ul>\n<li>Nadanie nazwy firmy.<\/li>\n<li>Uzyskanie adresu siedziby.<\/li>\n<li>Podanie danych za\u0142o\u017cycieli, wyznaczenie cz\u0142onk\u00f3w zarz\u0105du \u2013 konieczne jest za\u0142o\u017cenie profilu ePUAP (podpis elektroniczny), ale najpierw uzyskanie numeru PESEL. Zweryfikowa\u0107 to\u017csamo\u015b\u0107 do uzyskania ePUAP mo\u017cna dokona\u0107 wy\u0142\u0105cznie osobi\u015bcie w Polsce. W przeciwnym przypadku mo\u017cliwe jest uzyskanie elektronicznego podpisu kwalifikowanego zdalnie przy znajomo\u015bci j\u0119zyka angielskiego. Czas potrzebny do otrzymania elektronicznego podpisu kwalifikowanego wynosi do 7 dni.<\/li>\n<li>Przygotowanie statutu firmy.<\/li>\n<li>Wp\u0142ata kapita\u0142u zak\u0142adowego (dla sp\u00f3\u0142ki z&nbsp;o.o. minimalny kapita\u0142 to 5000 PLN).<\/li>\n<li>Okre\u015blenie kod\u00f3w PKD \u2013 odpowiednie dla tej dzia\u0142alno\u015bci to 78.10.Z, 78.20.Z.<\/li>\n<li>Rejestracja firmy w Krajowym Rejestrze S\u0105dowym (KRS).<\/li>\n<li>Op\u0142ata skarbowa.<\/li>\n<li>Je\u015bli wszystkie dokumenty s\u0105 w porz\u0105dku, firma otrzymuje numer KRS, NIP (numer podatnika) i&nbsp;certyfikat rejestracji.<\/li>\n<li>Otworzenie konta bankowego.<\/li>\n<li>Rejestracja w urz\u0119dach skarbowych, ZUS i&nbsp;urz\u0119dzie statystycznym.<\/li>\n<\/ul>\n<ol start=\"2\">\n<li><strong>Uzyskanie licencji na \u015bwiadczenie us\u0142ug kadrowych.<\/strong><\/li>\n<\/ol>\n<p>Praca agencji zatrudnienia w Polsce bez licencji jest niemo\u017cliwa. Agencje musz\u0105 spe\u0142nia\u0107 okre\u015blone wymagania, w tym posiada\u0107 licencj\u0119 na \u015bwiadczenie us\u0142ug zatrudnienia oraz&nbsp;prawo do zatrudniania pracownik\u00f3w tymczasowych. Licencje s\u0105 niezb\u0119dne do legalnego dzia\u0142ania agencji i&nbsp;\u015bwiadczenia us\u0142ug.<\/p>\n<p>W Polsce istniej\u0105 dwa rodzaje licencji na us\u0142ugi kadrowe:<\/p>\n<ul>\n<li>Licencja na po\u015brednictwo pracy, doradztwo personalne i&nbsp;zawodowe.<\/li>\n<li>Licencja na prac\u0119 tymczasow\u0105 i&nbsp;leasing pracownik\u00f3w.<\/li>\n<\/ul>\n<p>Licencje s\u0105 wydawane przez Powiatowy Urz\u0105d Pracy (PUP) lub&nbsp;Wojew\u00f3dzki Urz\u0105d Pracy (WUP).<\/p>\n<h2><strong>Do uzyskania licencji potrzebne s\u0105:<\/strong><\/h2>\n<ul>\n<li>Statut firmy.<\/li>\n<li>Dokumenty potwierdzaj\u0105ce kwalifikacje i&nbsp;do\u015bwiadczenie kadry zarz\u0105dzaj\u0105cej.<\/li>\n<li>Wniosek i&nbsp;potwierdzenie op\u0142at (koszt dw\u00f3ch licencji to 400 PLN).<\/li>\n<\/ul>\n<p>Progress Holding \u015bwiadczy us\u0142ugi w zakresie uzyskiwania licencji na us\u0142ugi kadrowe w Polsce. Mo\u017cesz z\u0142o\u017cy\u0107 wniosek o&nbsp;dwie licencje jednocze\u015bnie. Szczeg\u00f3\u0142y wysy\u0142amy na \u017c\u0105danie na adres <a rel=\"noopener\">office@progressholding.pl<\/a>.<\/p>\n<h2><strong>Dlaczego agencje zatrudnienia wybieraj\u0105 obs\u0142ug\u0119 ksi\u0119gow\u0105 w Progress Holding?<\/strong><\/h2>\n<p>Progress Holding to biuro ksi\u0119gowe z&nbsp;20-letnim do\u015bwiadczeniem. Wsp\u00f3\u0142pracujemy z&nbsp;wieloma firmami \u015bwiadcz\u0105cymi us\u0142ugi kadrowe, posiadaj\u0105c bogate do\u015bwiadczenie w tej bran\u017cy, co pozwala nam uwzgl\u0119dnia\u0107 specyficzne wymagania i&nbsp;niuanse tej dzia\u0142alno\u015bci. Gwarantuje to zgodno\u015b\u0107 wszystkich aspekt\u00f3w ksi\u0119gowych z&nbsp;przepisami prawa.<\/p>\n<h2><strong>Us\u0142ugi ksi\u0119gowe dla agencji zatrudnienia w Polsce \u015bwiadczone przez Progress Holding:<\/strong><\/h2>\n<ol>\n<li>Kompleksowa obs\u0142uga ksi\u0119gowa.<\/li>\n<li>Przygotowanie i&nbsp;sk\u0142adanie deklaracji podatkowych (VAT, CIT i&nbsp;inne).<\/li>\n<li>Sporz\u0105dzanie i&nbsp;sk\u0142adanie sprawozda\u0144 rocznych.<\/li>\n<li>Ksi\u0119gowo\u015b\u0107 finansowa i&nbsp;doradztwo podatkowe (minimalizacja ryzyka podatkowego i&nbsp;optymalizacja podatkowa).<\/li>\n<li>\u015awiadczenie us\u0142ug prawnych.<\/li>\n<li>Pomoc w uzyskaniu licencji na us\u0142ugi kadrowe.<\/li>\n<li>Obs\u0142uga dokumentacji i&nbsp;naliczanie wynagrodze\u0144.<\/li>\n<li>Pomoc w zarz\u0105dzaniu kredytami, planowaniu finansowym i&nbsp;prognozowaniu.<\/li>\n<li>Wsp\u00f3\u0142praca z&nbsp;bankami.<\/li>\n<li>Wsparcie administracyjne na ka\u017cdym etapie dzia\u0142alno\u015bci.<\/li>\n<\/ol>\n<p>Otworzenie agencji zatrudnienia w Polsce wymaga starannego przygotowania i&nbsp;przestrzegania przepis\u00f3w. Mamy nadziej\u0119, \u017ce dzi\u0119ki powy\u017cszym informacjom uzyska\u0142e\u015b odpowied\u017a na pytanie \u201ejak otworzy\u0107 agencj\u0119 zatrudnienia w Polsce\u201d.<\/p>\n<p>Je\u015bli masz dodatkowe pytania dotycz\u0105ce procesu zak\u0142adania agencji zatrudnienia w Polsce lub&nbsp;jej prowadzenia, napisz do nas na <a href=\"mailto:office@progressholding.pl\" rel=\"noopener\">office@progressholding.pl<\/a>.<\/p>\n<\/div>\n<\/div>\n<\/div>\n<\/div>\n<p><\/p>","protected":false},"excerpt":{"rendered":"<p>Za\u0142o\u017cenie agencji zatrudnienia w Polsce to perspektywiczny pomys\u0142 na biznes, zw\u0142aszcza bior\u0105c pod uwag\u0119 rosn\u0105ce zapotrzebowanie na si\u0142\u0119 robocz\u0105. Je\u015bli chcesz dowiedzie\u0107 si\u0119, jak otworzy\u0107 agencj\u0119 zatrudnienia w Polsce, musisz uwzgl\u0119dni\u0107 podstawowe aspekty, kt\u00f3re pomog\u0105 pomy\u015blnie rozpocz\u0105\u0107 dzia\u0142alno\u015b\u0107 w tym kraju. Jak dzia\u0142a agencja zatrudnienia w Polsce? Praca agencji zatrudnienia w Polsce polega na \u0142\u0105czeniu [&hellip;]<\/p>\n","protected":false},"author":6,"featured_media":0,"parent":0,"menu_order":0,"comment_status":"closed","ping_status":"closed","template":"","meta":{"_acf_changed":false,"inline_featured_image":false,"_monsterinsights_skip_tracking":false,"_monsterinsights_sitenote_active":false,"_monsterinsights_sitenote_note":"","_monsterinsights_sitenote_category":0,"footnotes":""},"class_list":["post-3880","page","type-page","status-publish","hentry"],"acf":[],"aioseo_notices":[],"_links":{"self":[{"href":"https:\/\/progressholding.pl\/pl\/wp-json\/wp\/v2\/pages\/3880","targetHints":{"allow":["GET"]}}],"collection":[{"href":"https:\/\/progressholding.pl\/pl\/wp-json\/wp\/v2\/pages"}],"about":[{"href":"https:\/\/progressholding.pl\/pl\/wp-json\/wp\/v2\/types\/page"}],"author":[{"embeddable":true,"href":"https:\/\/progressholding.pl\/pl\/wp-json\/wp\/v2\/users\/6"}],"replies":[{"embeddable":true,"href":"https:\/\/progressholding.pl\/pl\/wp-json\/wp\/v2\/comments?post=3880"}],"version-history":[{"count":4,"href":"https:\/\/progressholding.pl\/pl\/wp-json\/wp\/v2\/pages\/3880\/revisions"}],"predecessor-version":[{"id":5885,"href":"https:\/\/progressholding.pl\/pl\/wp-json\/wp\/v2\/pages\/3880\/revisions\/5885"}],"wp:attachment":[{"href":"https:\/\/progressholding.pl\/pl\/wp-json\/wp\/v2\/media?parent=3880"}],"curies":[{"name":"wp","href":"https:\/\/api.w.org\/{rel}","templated":true}]}}