{"id":3884,"date":"2024-10-18T09:40:14","date_gmt":"2024-10-18T07:40:14","guid":{"rendered":"https:\/\/progressholding.pl\/pl\/?page_id=3884"},"modified":"2025-07-31T15:08:30","modified_gmt":"2025-07-31T13:08:30","slug":"jak-otworzyc-firme-budowlana-w-polsce","status":"publish","type":"page","link":"https:\/\/progressholding.pl\/pl\/jak-otworzyc-firme-budowlana-w-polsce\/","title":{"rendered":"Jak otworzy\u0107 firm\u0119 budowlan\u0105 w Polsce"},"content":{"rendered":"<p><img loading=\"lazy\" decoding=\"async\" class=\"alignnone size-full wp-image-3887\" src=\"https:\/\/progressholding.pl\/wp-content\/uploads\/2024\/10\/Jak-otworzyc-firme-budowlana-w-Polsce-1.jpg\" alt=\"Jak otworzy\u0107 firm\u0119 budowlan\u0105 w Polsce\" width=\"1400\" height=\"623\" srcset=\"https:\/\/progressholding.pl\/wp-content\/uploads\/2024\/10\/Jak-otworzyc-firme-budowlana-w-Polsce-1.jpg 1400w, https:\/\/progressholding.pl\/wp-content\/uploads\/2024\/10\/Jak-otworzyc-firme-budowlana-w-Polsce-1-300x134.jpg 300w, https:\/\/progressholding.pl\/wp-content\/uploads\/2024\/10\/Jak-otworzyc-firme-budowlana-w-Polsce-1-1024x456.jpg 1024w, https:\/\/progressholding.pl\/wp-content\/uploads\/2024\/10\/Jak-otworzyc-firme-budowlana-w-Polsce-1-768x342.jpg 768w\" sizes=\"auto, (max-width: 1400px) 100vw, 1400px\" \/><\/p>\n<p>Jak otworzy\u0107 firm\u0119 budowlan\u0105 w Polsce \u2013 to pytanie, kt\u00f3re nurtuje wielu przedsi\u0119biorc\u00f3w chc\u0105cych rozpocz\u0105\u0107 dzia\u0142alno\u015b\u0107 w tej bran\u017cy. Polska dysponuje dynamicznie rozwijaj\u0105cym si\u0119 rynkiem budowlanym, na kt\u00f3rym ro\u015bnie zapotrzebowanie na us\u0142ugi.<\/p>\n<p>Podpowiadamy, jak zacz\u0105\u0107 biznes budowlany w Polsce, jakie s\u0105 wymagania oraz&nbsp;z&nbsp;jakimi trudno\u015bciami mo\u017cna si\u0119 spotka\u0107.<\/p>\n<h2><strong>Kto mo\u017ce otworzy\u0107 firm\u0119 budowlan\u0105 w Polsce?<\/strong><\/h2>\n<p>Firm\u0119 budowlan\u0105 w Polsce mog\u0105 otworzy\u0107 nie tylko mieszka\u0144cy kraju, ale tak\u017ce obcokrajowcy. Proces otwarcia firmy budowlanej nie r\u00f3\u017cni si\u0119 od rejestracji innej dzia\u0142alno\u015bci, r\u00f3wnie\u017c dla cudzoziemc\u00f3w. Obywatele innych kraj\u00f3w mog\u0105 zarejestrowa\u0107 firm\u0119 w Polsce i&nbsp;prowadzi\u0107 dzia\u0142alno\u015b\u0107 budowlan\u0105.<\/p>\n<p><strong>WA\u017bNE!<\/strong> Do otwarcia firmy budowlanej w Polsce nie jest wymagana \u017cadna licencja ani&nbsp;zezwolenie.<\/p>\n<h2><strong>Jak zarejestrowa\u0107 firm\u0119 budowlan\u0105 w Polsce<\/strong><\/h2>\n<p>Aby zarejestrowa\u0107 firm\u0119 budowlan\u0105 w Polsce, nale\u017cy wykona\u0107 nast\u0119puj\u0105ce kroki:<\/p>\n<ol>\n<li><strong>Wyb\u00f3r formy prawnej dzia\u0142alno\u015bci<\/strong> \u2013 Mo\u017cna zarejestrowa\u0107 dzia\u0142alno\u015b\u0107 jako jednoosobow\u0105 firm\u0119 lub&nbsp;sp\u00f3\u0142k\u0119 z&nbsp;ograniczon\u0105 odpowiedzialno\u015bci\u0105 (sp. z&nbsp;o.o.).\n<ul>\n<li>Jednoosobowa dzia\u0142alno\u015b\u0107 b\u0119dzie odpowiednia przy mniejszych projektach.<\/li>\n<li>Sp. z&nbsp;o.o. lepiej sprawdzi si\u0119 przy wi\u0119kszych projektach oraz&nbsp;gdy planujemy pracowa\u0107 w innych krajach UE.<\/li>\n<\/ul>\n<\/li>\n<li><a href=\"https:\/\/progressholding.pl\/pl\/jak-otworzyc-firme-w-polsce-od-czego-zaczac\/\"><strong>Rejestracja firmy<\/strong><\/a> \u2013 Mo\u017cna to zrobi\u0107 online przez system S24.<\/li>\n<li><strong>Kroki rejestracyjne<\/strong>:\n<ul>\n<li>Wybra\u0107 nazw\u0119 firmy.<\/li>\n<li>Poda\u0107 adres siedziby.<\/li>\n<li>Zg\u0142osi\u0107 za\u0142o\u017cycieli, wyznaczy\u0107 cz\u0142onk\u00f3w zarz\u0105du.<\/li>\n<li>Sporz\u0105dzi\u0107 statut firmy.<\/li>\n<li>Wp\u0142aci\u0107 kapita\u0142 zak\u0142adowy (min. 5 000 PLN dla sp. z&nbsp;o.o.).<\/li>\n<li>Wybra\u0107 odpowiednie PKD (kody dzia\u0142alno\u015bci gospodarczej).<\/li>\n<li>Zarejestrowa\u0107 firm\u0119 w Krajowym Rejestrze S\u0105dowym (KRS).<\/li>\n<li>Otworzy\u0107 konto bankowe firmy.<\/li>\n<li>Zarejestrowa\u0107 si\u0119 w urz\u0119dzie skarbowym i&nbsp;ZUS.<\/li>\n<\/ul>\n<\/li>\n<\/ol>\n<h2><strong>Wymagania dla firm budowlanych w Polsce<\/strong><\/h2>\n<p>Aby prowadzi\u0107 dzia\u0142alno\u015b\u0107 budowlan\u0105 w Polsce, nale\u017cy spe\u0142nia\u0107 okre\u015blone wymagania, takie jak:<\/p>\n<ul>\n<li>Pracownicy musz\u0105 posiada\u0107 odpowiednie kwalifikacje.<\/li>\n<li>Firma musi by\u0107 ubezpieczona od ryzyka zawodowego.<\/li>\n<li>Nale\u017cy przestrzega\u0107 lokalnych norm i&nbsp;przepis\u00f3w BHP.<\/li>\n<\/ul>\n<h2><strong>Zatrudnianie pracownik\u00f3w<\/strong><\/h2>\n<p>Wielu przedsi\u0119biorc\u00f3w zatrudnia cudzoziemc\u00f3w, aby obni\u017cy\u0107 koszty pracy. Aby legalnie zatrudni\u0107 obcokrajowca w firmie budowlanej w Polsce, potrzebne s\u0105:<\/p>\n<ul>\n<li>Paszport.<\/li>\n<li>Zezwolenie na prac\u0119.<\/li>\n<li>Podpisana umowa.<\/li>\n<li>Wiza pracownicza lub&nbsp;ruch bezwizowy (dla obywateli niekt\u00f3rych kraj\u00f3w).<\/li>\n<\/ul>\n<h2><strong>Delegowanie pracownik\u00f3w do innych kraj\u00f3w UE<\/strong><\/h2>\n<p>Firmy budowlane mog\u0105 wysy\u0142a\u0107 pracownik\u00f3w do innych kraj\u00f3w UE, np. do Niemiec czy Wielkiej Brytanii. W takim przypadku wymagana jest forma A1, kt\u00f3ra potwierdza ubezpieczenie pracownika w Polsce.<\/p>\n<h2><strong>Dlaczego warto wybra\u0107 us\u0142ugi ksi\u0119gowe Progress Holding?<\/strong><\/h2>\n<p>Progress Holding specjalizuje si\u0119 w obs\u0142udze firm budowlanych, oferuj\u0105c wsparcie na ka\u017cdym etapie dzia\u0142alno\u015bci. Oferuj\u0105 pe\u0142n\u0105 obs\u0142ug\u0119 ksi\u0119gow\u0105, wsparcie przy audytach i&nbsp;kontrolach podatkowych oraz&nbsp;pomoc w uzyskiwaniu niezb\u0119dnych dokument\u00f3w, takich jak A1.<\/p>\n<h2><strong>Us\u0142ugi ksi\u0119gowe dla firm budowlanych w Polsce obejmuj\u0105:<\/strong><\/h2>\n<ol>\n<li>Pe\u0142n\u0105 obs\u0142ug\u0119 ksi\u0119gow\u0105.<\/li>\n<li>Prowadzenie kadr i&nbsp;rozlicze\u0144 p\u0142acowych.<\/li>\n<li>Pomoc w uzyskaniu dokument\u00f3w A1.<\/li>\n<li>Obs\u0142ug\u0119 mi\u0119dzynarodowych transakcji.<\/li>\n<li>Wsparcie w przygotowywaniu dokument\u00f3w przetargowych i&nbsp;kredytowych.<\/li>\n<\/ol>\n<p>Otwarcie firmy budowlanej w Polsce wymaga starannego przygotowania i&nbsp;spe\u0142nienia wymog\u00f3w prawnych. Je\u015bli masz dodatkowe pytania, skontaktuj si\u0119 z&nbsp;nami na <a href=\"mailto:office@progressholding.pl\" rel=\"noopener\">office@progressholding.pl<\/a>.<\/p>","protected":false},"excerpt":{"rendered":"<p>Jak otworzy\u0107 firm\u0119 budowlan\u0105 w Polsce \u2013 to pytanie, kt\u00f3re nurtuje wielu przedsi\u0119biorc\u00f3w chc\u0105cych rozpocz\u0105\u0107 dzia\u0142alno\u015b\u0107 w tej bran\u017cy. Polska dysponuje dynamicznie rozwijaj\u0105cym si\u0119 rynkiem budowlanym, na kt\u00f3rym ro\u015bnie zapotrzebowanie na us\u0142ugi. Podpowiadamy, jak zacz\u0105\u0107 biznes budowlany w Polsce, jakie s\u0105 wymagania oraz&nbsp;z&nbsp;jakimi trudno\u015bciami mo\u017cna si\u0119 spotka\u0107. Kto mo\u017ce otworzy\u0107 firm\u0119 budowlan\u0105 w Polsce? Firm\u0119 [&hellip;]<\/p>\n","protected":false},"author":6,"featured_media":0,"parent":0,"menu_order":0,"comment_status":"closed","ping_status":"closed","template":"","meta":{"_acf_changed":false,"inline_featured_image":false,"_monsterinsights_skip_tracking":false,"_monsterinsights_sitenote_active":false,"_monsterinsights_sitenote_note":"","_monsterinsights_sitenote_category":0,"footnotes":""},"class_list":["post-3884","page","type-page","status-publish","hentry"],"acf":[],"aioseo_notices":[],"_links":{"self":[{"href":"https:\/\/progressholding.pl\/pl\/wp-json\/wp\/v2\/pages\/3884","targetHints":{"allow":["GET"]}}],"collection":[{"href":"https:\/\/progressholding.pl\/pl\/wp-json\/wp\/v2\/pages"}],"about":[{"href":"https:\/\/progressholding.pl\/pl\/wp-json\/wp\/v2\/types\/page"}],"author":[{"embeddable":true,"href":"https:\/\/progressholding.pl\/pl\/wp-json\/wp\/v2\/users\/6"}],"replies":[{"embeddable":true,"href":"https:\/\/progressholding.pl\/pl\/wp-json\/wp\/v2\/comments?post=3884"}],"version-history":[{"count":1,"href":"https:\/\/progressholding.pl\/pl\/wp-json\/wp\/v2\/pages\/3884\/revisions"}],"predecessor-version":[{"id":5130,"href":"https:\/\/progressholding.pl\/pl\/wp-json\/wp\/v2\/pages\/3884\/revisions\/5130"}],"wp:attachment":[{"href":"https:\/\/progressholding.pl\/pl\/wp-json\/wp\/v2\/media?parent=3884"}],"curies":[{"name":"wp","href":"https:\/\/api.w.org\/{rel}","templated":true}]}}